{"id":4284,"date":"2020-09-07T09:22:30","date_gmt":"2020-09-07T07:22:30","guid":{"rendered":"https:\/\/cleverfilter.de\/quienes-somos\/"},"modified":"2025-07-08T14:01:51","modified_gmt":"2025-07-08T12:01:51","slug":"quienes-somos","status":"publish","type":"page","link":"https:\/\/cleverfilter.de\/es\/quienes-somos\/","title":{"rendered":"\u00bfQui\u00e9nes somos?"},"content":{"rendered":"<div id='startslider'  class='avia-section av-1isv2-26e78b5ba5f0a7b71d35182fd59fb045 main_color avia-section-no-padding avia-no-border-styling  avia-builder-el-0  el_before_av_slideshow_full  avia-builder-el-first  av-medium-hide av-small-hide av-mini-hide avia-bg-style-scroll container_wrap fullsize'  ><div class='container av-section-cont-open' ><main  role=\"main\" itemprop=\"mainContentOfPage\"  class='template-page content  av-content-full alpha units'><div class='post-entry post-entry-type-page post-entry-4284'><div class='entry-content-wrapper clearfix'>\n<div class='flex_column_table av-26y8a-169516d9c0b3f1be49f0cb4f84651f17 sc-av_two_third av-equal-height-column-flextable'>\n<style type=\"text\/css\" data-created_by=\"avia_inline_auto\" id=\"style-css-av-26y8a-169516d9c0b3f1be49f0cb4f84651f17\">\n.flex_column.av-26y8a-169516d9c0b3f1be49f0cb4f84651f17{\nborder-radius:0px 0px 0px 0px;\npadding:0px 0px 0px 0px;\nbackground-color:#dbe8f1;\n}\n<\/style>\n<div  class='flex_column av-26y8a-169516d9c0b3f1be49f0cb4f84651f17 av_two_third  avia-builder-el-1  el_before_av_one_third  avia-builder-el-first  first no_margin flex_column_table_cell av-equal-height-column av-align-middle av-zero-column-padding  '     ><style type=\"text\/css\" data-created_by=\"avia_inline_auto\" id=\"style-css-av-1mpg6-54047a97cf3d5f8caded842c22d55806\">\n.avia-image-container.av-1mpg6-54047a97cf3d5f8caded842c22d55806 img.avia_image{\nbox-shadow:none;\n}\n.avia-image-container.av-1mpg6-54047a97cf3d5f8caded842c22d55806 .av-image-caption-overlay-center{\ncolor:#ffffff;\n}\n<\/style>\n<div  class='avia-image-container av-1mpg6-54047a97cf3d5f8caded842c22d55806 av-styling-no-styling avia-align-center  avia-builder-el-2  avia-builder-el-no-sibling '   itemprop=\"image\" itemscope=\"itemscope\" itemtype=\"https:\/\/schema.org\/ImageObject\" ><div class=\"avia-image-container-inner\"><div class=\"avia-image-overlay-wrap\"><img decoding=\"async\" fetchpriority=\"high\" class='wp-image-4201 avia-img-lazy-loading-not-4201 avia_image ' src=\"https:\/\/cleverfilter.de\/wp-content\/uploads\/2025\/03\/Blue-Orange-Objects-Education-Website-1-1030x399.jpg\" alt='' title='Blue Orange Objects Education Website (1)'  height=\"399\" width=\"1030\"  itemprop=\"thumbnailUrl\" srcset=\"https:\/\/cleverfilter.de\/wp-content\/uploads\/2025\/03\/Blue-Orange-Objects-Education-Website-1-1030x399.jpg 1030w, https:\/\/cleverfilter.de\/wp-content\/uploads\/2025\/03\/Blue-Orange-Objects-Education-Website-1-300x116.jpg 300w, https:\/\/cleverfilter.de\/wp-content\/uploads\/2025\/03\/Blue-Orange-Objects-Education-Website-1-768x297.jpg 768w, https:\/\/cleverfilter.de\/wp-content\/uploads\/2025\/03\/Blue-Orange-Objects-Education-Website-1-705x273.jpg 705w, https:\/\/cleverfilter.de\/wp-content\/uploads\/2025\/03\/Blue-Orange-Objects-Education-Website-1.jpg 1366w\" sizes=\"(max-width: 1030px) 100vw, 1030px\" \/><\/div><\/div><\/div><\/div>\n<style type=\"text\/css\" data-created_by=\"avia_inline_auto\" id=\"style-css-av-yiui-e12e6432291a5fd5a9776580799deb5d\">\n.flex_column.av-yiui-e12e6432291a5fd5a9776580799deb5d{\nborder-radius:0px 0px 0px 0px;\npadding:20px 20px 20px 20px;\nbackground-color:#004490;\n}\n<\/style>\n<div  class='flex_column av-yiui-e12e6432291a5fd5a9776580799deb5d av_one_third  avia-builder-el-3  el_after_av_two_third  avia-builder-el-last  no_margin flex_column_table_cell av-equal-height-column av-align-middle  '     ><p>\n<style type=\"text\/css\" data-created_by=\"avia_inline_auto\" id=\"style-css-av-kes6xtzk-ab54f5a1e6d9d491741c4d8084ddecf5\">\n#top .av_textblock_section.av-kes6xtzk-ab54f5a1e6d9d491741c4d8084ddecf5 .avia_textblock{\nfont-size:20px;\ncolor:#ffffff;\n}\n<\/style>\n<section  class='av_textblock_section av-kes6xtzk-ab54f5a1e6d9d491741c4d8084ddecf5 '   itemscope=\"itemscope\" itemtype=\"https:\/\/schema.org\/CreativeWork\" ><div class='avia_textblock av_inherit_color'  itemprop=\"text\" ><p>La satisfacci\u00f3n surge cuando se valoran los aspectos personales de una relaci\u00f3n comercial. Esto significa cooperaci\u00f3n en lugar de una simple venta de productos.<\/p>\n<\/div><\/section><br \/>\n\n<style type=\"text\/css\" data-created_by=\"avia_inline_auto\" id=\"style-css-av-kes7kmyl-168b84fb548e6f8be505d13809013774\">\n#top .hr.hr-invisible.av-kes7kmyl-168b84fb548e6f8be505d13809013774{\nheight:20px;\n}\n<\/style>\n<div  class='hr av-kes7kmyl-168b84fb548e6f8be505d13809013774 hr-invisible  avia-builder-el-5  el_after_av_textblock  el_before_av_button_big  avia-builder-el-last '><span class='hr-inner '><span class=\"hr-inner-style\"><\/span><\/span><\/div><br \/>\n<div  class='avia-button-wrap avia-button-center  avia-builder-el-6  el_after_av_hr  avia-builder-el-last '>\n<style type=\"text\/css\" data-created_by=\"avia_inline_auto\" id=\"style-css-av-wrym-5fa23ddfd17739629e9f590449e508d8\">\n#top #wrap_all .avia-button.av-wrym-5fa23ddfd17739629e9f590449e508d8{\nbackground-color:#d9d9d9;\nborder-color:#d9d9d9;\ntransition:all 0.4s ease-in-out;\n}\n#top #wrap_all .avia-button.av-wrym-5fa23ddfd17739629e9f590449e508d8:hover{\nbackground-color:#eaeaea;\ncolor:white;\ntransition:all 0.4s ease-in-out;\n}\n<\/style>\n<a href='https:\/\/cleverfilter.de\/es\/contacto\/' class='av-icon-on-hover avia-font-color-theme-color avia-button avia-button-fullwidth av-wrym-5fa23ddfd17739629e9f590449e508d8 avia-icon_select-no avia-color-custom'   aria-label=\"&gt;&gt; Recibe asesoramiento ahora\"><span class='avia_iconbox_title' >&gt;&gt; Recibe asesoramiento ahora<\/span><\/a><\/div><\/p><\/div><\/div><!--close column table wrapper. Autoclose: 1 --><\/div><\/div><\/main><!-- close content main element --><\/div><\/div><div id='full_slider_1'  class='avia-fullwidth-slider main_color avia-shadow av-desktop-hide  avia-builder-el-7  el_after_av_section  el_before_av_section   slider-not-first container_wrap fullsize'  ><div  class='avia-slideshow av-kf3ofk7o-ffbeaafefe4f628a1ef8278be0c3b344 avia-slideshow-no scaling av_slideshow_full avia-slide-slider av-desktop-hide av-slideshow-ui av-control-default av-slideshow-manual av-loop-once av-loop-manual-endless av-default-height-applied   avia-slideshow-1' data-slideshow-options=\"{&quot;animation&quot;:&quot;slide&quot;,&quot;autoplay&quot;:false,&quot;loop_autoplay&quot;:&quot;once&quot;,&quot;interval&quot;:5,&quot;loop_manual&quot;:&quot;manual-endless&quot;,&quot;autoplay_stopper&quot;:false,&quot;noNavigation&quot;:false,&quot;bg_slider&quot;:false,&quot;keep_padding&quot;:false,&quot;hoverpause&quot;:false,&quot;show_slide_delay&quot;:0}\"  itemprop=\"image\" itemscope=\"itemscope\" itemtype=\"https:\/\/schema.org\/ImageObject\" ><ul class='avia-slideshow-inner ' style='padding-bottom: 39.473684210526%;'><li  class='avia-slideshow-slide av-kf3ofk7o-ffbeaafefe4f628a1ef8278be0c3b344__0  av-single-slide slide-1 slide-odd'><div data-rel='slideshow-1' class='avia-slide-wrap '   ><img decoding=\"async\" fetchpriority=\"high\" class=\"wp-image-3896 avia-img-lazy-loading-not-3896\"  src=\"https:\/\/cleverfilter.de\/wp-content\/uploads\/2020\/09\/header_de_portrait-1.png\" width=\"1520\" height=\"600\" title='header_de_portrait' alt=''  itemprop=\"thumbnailUrl\" srcset=\"https:\/\/cleverfilter.de\/wp-content\/uploads\/2020\/09\/header_de_portrait-1.png 1520w, https:\/\/cleverfilter.de\/wp-content\/uploads\/2020\/09\/header_de_portrait-1-300x118.png 300w, https:\/\/cleverfilter.de\/wp-content\/uploads\/2020\/09\/header_de_portrait-1-768x303.png 768w, https:\/\/cleverfilter.de\/wp-content\/uploads\/2020\/09\/header_de_portrait-1-1030x407.png 1030w, https:\/\/cleverfilter.de\/wp-content\/uploads\/2020\/09\/header_de_portrait-1-1500x592.png 1500w, https:\/\/cleverfilter.de\/wp-content\/uploads\/2020\/09\/header_de_portrait-1-705x278.png 705w\" sizes=\"(max-width: 1520px) 100vw, 1520px\" \/><\/div><\/li><\/ul><\/div><\/div><\/p>\n\n<style type=\"text\/css\" data-created_by=\"avia_inline_auto\" id=\"style-css-av-1isv2-8-946509734bc2d054cac40ec62f2e8868\">\n.avia-section.av-1isv2-8-946509734bc2d054cac40ec62f2e8868{\nbackground-color:#004490;\nbackground-image:unset;\n}\n<\/style>\n<div id='av_section_2'  class='avia-section av-1isv2-8-946509734bc2d054cac40ec62f2e8868 main_color avia-section-no-padding avia-no-border-styling  avia-builder-el-8  el_after_av_slideshow_full  el_before_av_section  av-desktop-hide avia-bg-style-scroll container_wrap fullsize'  ><div class='container av-section-cont-open' ><div class='template-page content  av-content-full alpha units'><div class='post-entry post-entry-type-page post-entry-4284'><div class='entry-content-wrapper clearfix'>\n<div class='flex_column_table av-yiui-7-a953bf3890015be73af4ba033d3387db sc-av_two_third av-equal-height-column-flextable'>\n<style type=\"text\/css\" data-created_by=\"avia_inline_auto\" id=\"style-css-av-yiui-7-a953bf3890015be73af4ba033d3387db\">\n.flex_column.av-yiui-7-a953bf3890015be73af4ba033d3387db{\nborder-radius:0px 0px 0px 0px;\npadding:10px 20px 10px 20px;\n}\n<\/style>\n<div  class='flex_column av-yiui-7-a953bf3890015be73af4ba033d3387db av_two_third  avia-builder-el-9  el_before_av_one_third  avia-builder-el-first  first no_margin flex_column_table_cell av-equal-height-column av-align-middle av-hide-on-mobile  '     ><style type=\"text\/css\" data-created_by=\"avia_inline_auto\" id=\"style-css-av-kes6xtzk-6-4c190fbd61c378c83cf9c020b76b8dbe\">\n#top .av_textblock_section.av-kes6xtzk-6-4c190fbd61c378c83cf9c020b76b8dbe .avia_textblock{\nfont-size:20px;\ncolor:#ffffff;\n}\n<\/style>\n<section  class='av_textblock_section av-kes6xtzk-6-4c190fbd61c378c83cf9c020b76b8dbe '   itemscope=\"itemscope\" itemtype=\"https:\/\/schema.org\/CreativeWork\" ><div class='avia_textblock av_inherit_color'  itemprop=\"text\" ><p>La satisfacci\u00f3n surge cuando se valoran los aspectos personales de una relaci\u00f3n comercial. Esto significa cooperaci\u00f3n en lugar de una simple venta de productos.<\/p>\n<\/div><\/section><\/div>\n<style type=\"text\/css\" data-created_by=\"avia_inline_auto\" id=\"style-css-av-yiui-4-8fc4efbc04dafcffe1f5869fabb82bdb\">\n.flex_column.av-yiui-4-8fc4efbc04dafcffe1f5869fabb82bdb{\nborder-radius:0px 0px 0px 0px;\npadding:10px 20px 10px 20px;\n}\n<\/style>\n<div  class='flex_column av-yiui-4-8fc4efbc04dafcffe1f5869fabb82bdb av_one_third  avia-builder-el-11  el_after_av_two_third  avia-builder-el-last  no_margin flex_column_table_cell av-equal-height-column av-align-middle  '     ><div  class='avia-button-wrap avia-button-center  avia-builder-el-12  avia-builder-el-no-sibling '>\n<style type=\"text\/css\" data-created_by=\"avia_inline_auto\" id=\"style-css-av-wrym-5-e63c5a50d68b2bcb03cfab74b963a578\">\n#top #wrap_all .avia-button.av-wrym-5-e63c5a50d68b2bcb03cfab74b963a578{\nbackground-color:#d9d9d9;\nborder-color:#d9d9d9;\ncolor:#004490;\ntransition:all 0.4s ease-in-out;\n}\n#top #wrap_all .avia-button.av-wrym-5-e63c5a50d68b2bcb03cfab74b963a578:hover{\nbackground-color:#eaeaea;\ncolor:#ffffff;\ntransition:all 0.4s ease-in-out;\n}\n<\/style>\n<a href='https:\/\/cleverfilter.de\/es\/contacto\/' class='av-icon-on-hover avia-button avia-button-fullwidth av-wrym-5-e63c5a50d68b2bcb03cfab74b963a578 avia-icon_select-no avia-color-custom'   aria-label=\"Solicite asesoramiento\"><span class='avia_iconbox_title' >Solicite asesoramiento<\/span><\/a><\/div><\/div><\/div><!--close column table wrapper. Autoclose: 1 -->\n\n<\/div><\/div><\/div><!-- close content main div --><\/div><\/div><div id='av_section_3'  class='avia-section av-s0fm-38cd596d7da976edc0d7388683d3aca5 main_color avia-section-default avia-no-border-styling  avia-builder-el-13  el_after_av_section  avia-builder-el-last  avia-bg-style-scroll container_wrap fullsize'  ><div class='container av-section-cont-open' ><div class='template-page content  av-content-full alpha units'><div class='post-entry post-entry-type-page post-entry-4284'><div class='entry-content-wrapper clearfix'>\n<div class='flex_column_table av-1qxdm-4584f91b55695b4a64fc1bc1bfc26549 sc-av_two_third av-equal-height-column-flextable'>\n<style type=\"text\/css\" data-created_by=\"avia_inline_auto\" id=\"style-css-av-1qxdm-4584f91b55695b4a64fc1bc1bfc26549\">\n.flex_column.av-1qxdm-4584f91b55695b4a64fc1bc1bfc26549{\nborder-radius:0px 0px 0px 0px;\npadding:0px 0px 0px 0px;\n}\n<\/style>\n<div  class='flex_column av-1qxdm-4584f91b55695b4a64fc1bc1bfc26549 av_two_third  avia-builder-el-14  el_before_av_one_third  avia-builder-el-first  first flex_column_table_cell av-equal-height-column av-align-top av-zero-column-padding  '     ><section  class='av_textblock_section av-kes76c89-984d49e8c5338bc63d82ee51817fed0d '   itemscope=\"itemscope\" itemtype=\"https:\/\/schema.org\/CreativeWork\" ><div class='avia_textblock'  itemprop=\"text\" ><h1>Filtraci\u00f3n perfecta de l\u00edquidos y gases.<\/h1>\n<h2>Filtros de la m\u00e1s alta calidad- Excelente relaci\u00f3n calidad-precio- Servicio excepcional  <\/h2>\n<p>CleverFilter es una empresa mediana con sede principal en Alemania y varias representaciones en Europa. Nos dedicamos al desarrollo y la comercializaci\u00f3n de soluciones de filtraci\u00f3n industrial para l\u00edquidos y gases. Todas nuestras soluciones se desarrollan de forma met\u00f3dica con un objetivo prioritario: garantizar el m\u00e1ximo beneficio para nuestros clientes.<\/p>\n<\/div><\/section><br \/>\n<section  class='av_textblock_section av-kes76c89-3-da0357f6428521815b979ad187e9270d '   itemscope=\"itemscope\" itemtype=\"https:\/\/schema.org\/CreativeWork\" ><div class='avia_textblock'  itemprop=\"text\" ><h3>Nuestro enfoque principal est\u00e1 en:<\/h3>\n<ul>\n<li><strong>Distribuidores especializados calificados<\/strong><br \/>\nMayoristas y minoristas<\/li>\n<li><strong>Industria manufacturera<\/strong><br \/>\nTratamiento de agua, limpieza de piezas, tratamiento de superficies<\/li>\n<li><strong>Grandes consumidores<\/strong><br \/>\nFabricantes de autom\u00f3viles, producci\u00f3n de papel, industria metal\u00fargica<\/li>\n<li><strong><strong>Procesos cr\u00edticos<\/strong><\/strong><br \/>\nMicroelectr\u00f3nica, industria farmac\u00e9utica, producci\u00f3n de alimentos<\/li>\n<\/ul>\n<p>Ofrecemos a nuestros socios condiciones favorables de entrega y pago. Apoyamos su presencia en el mercado con medidas de marketing personalizadas. Si lo desean, tambi\u00e9n realizamos env\u00edos a gran escala o con plazos definidos utilizando sus documentos de env\u00edo.<\/p>\n<\/div><\/section><\/p><\/div><div class='av-flex-placeholder'><\/div>\n<style type=\"text\/css\" data-created_by=\"avia_inline_auto\" id=\"style-css-av-11pl2-86b4c5e78dcf411554e2f7173e324865\">\n.flex_column.av-11pl2-86b4c5e78dcf411554e2f7173e324865{\nborder-radius:0px 0px 0px 0px;\npadding:20px 20px 20px 20px;\nbackground-color:#f1f1f1;\n}\n<\/style>\n<div  class='flex_column av-11pl2-86b4c5e78dcf411554e2f7173e324865 av_one_third  avia-builder-el-17  el_after_av_two_third  avia-builder-el-last  flex_column_table_cell av-equal-height-column av-align-top  '     ><section  class='av_textblock_section av-kes76c89-2-0444c4ce935ea17a0264e614a7afe562 '   itemscope=\"itemscope\" itemtype=\"https:\/\/schema.org\/CreativeWork\" ><div class='avia_textblock'  itemprop=\"text\" ><h3>Lo que nos diferencia<\/h3>\n<\/div><\/section><br \/>\n<section  class='av_textblock_section av-kes76c89-1-1ed37c1e24dc698aab261cf1b160b9cd '   itemscope=\"itemscope\" itemtype=\"https:\/\/schema.org\/CreativeWork\" ><div class='avia_textblock'  itemprop=\"text\" ><ul>\n<li>Alta disponibilidad \/ Gran stock de productos<\/li>\n<li>Abastecimiento internacional<\/li>\n<li>Marketing y publicidad para socios<\/li>\n<li>Almacenes en consignaci\u00f3n<\/li>\n<li>Gesti\u00f3n profesional de adquisiciones<\/li>\n<li>Entregas a tiempo<\/li>\n<\/ul>\n<\/div><\/section><\/p><\/div><\/div><!--close column table wrapper. Autoclose: 1 -->\n\n","protected":false},"excerpt":{"rendered":"","protected":false},"author":1,"featured_media":0,"parent":0,"menu_order":0,"comment_status":"closed","ping_status":"closed","template":"","meta":{"footnotes":""},"class_list":["post-4284","page","type-page","status-publish","hentry"],"yoast_head":"<!-- This site is optimized with the Yoast SEO plugin v26.8 - https:\/\/yoast.com\/product\/yoast-seo-wordpress\/ -->\n<title>\u00bfQui\u00e9nes somos? - Cleverfilter GmbH<\/title>\n<meta name=\"description\" content=\"Vertrieb und Entwicklung von Industrie-Filterprodukte f\u00fcr die Fl\u00fcssigkeits-, und Gasfiltration. Hervorragendes Preis-\/ Leistungsverh\u00e4ltnis.\" \/>\n<meta name=\"robots\" content=\"index, follow, max-snippet:-1, max-image-preview:large, max-video-preview:-1\" \/>\n<link rel=\"canonical\" href=\"https:\/\/cleverfilter.de\/es\/quienes-somos\/\" \/>\n<meta property=\"og:locale\" content=\"es_ES\" \/>\n<meta property=\"og:type\" content=\"article\" \/>\n<meta property=\"og:title\" content=\"\u00bfQui\u00e9nes somos? - Cleverfilter GmbH\" \/>\n<meta property=\"og:description\" content=\"Vertrieb und Entwicklung von Industrie-Filterprodukte f\u00fcr die Fl\u00fcssigkeits-, und Gasfiltration. Hervorragendes Preis-\/ Leistungsverh\u00e4ltnis.\" \/>\n<meta property=\"og:url\" content=\"https:\/\/cleverfilter.de\/es\/quienes-somos\/\" \/>\n<meta property=\"og:site_name\" content=\"Cleverfilter GmbH\" \/>\n<meta property=\"article:modified_time\" content=\"2025-07-08T12:01:51+00:00\" \/>\n<meta property=\"og:image\" content=\"https:\/\/cleverfilter.de\/wp-content\/uploads\/2026\/03\/head-clever-filter-home.jpg\" \/>\n\t<meta property=\"og:image:width\" content=\"1520\" \/>\n\t<meta property=\"og:image:height\" content=\"600\" \/>\n\t<meta property=\"og:image:type\" content=\"image\/jpeg\" \/>\n<meta name=\"twitter:card\" content=\"summary_large_image\" \/>\n<script type=\"application\/ld+json\" class=\"yoast-schema-graph\">{\"@context\":\"https:\/\/schema.org\",\"@graph\":[{\"@type\":\"WebPage\",\"@id\":\"https:\/\/cleverfilter.de\/es\/quienes-somos\/\",\"url\":\"https:\/\/cleverfilter.de\/es\/quienes-somos\/\",\"name\":\"\u00bfQui\u00e9nes somos? - Cleverfilter GmbH\",\"isPartOf\":{\"@id\":\"https:\/\/cleverfilter.de\/#website\"},\"datePublished\":\"2020-09-07T07:22:30+00:00\",\"dateModified\":\"2025-07-08T12:01:51+00:00\",\"description\":\"Vertrieb und Entwicklung von Industrie-Filterprodukte f\u00fcr die Fl\u00fcssigkeits-, und Gasfiltration. Hervorragendes Preis-\/ Leistungsverh\u00e4ltnis.\",\"breadcrumb\":{\"@id\":\"https:\/\/cleverfilter.de\/es\/quienes-somos\/#breadcrumb\"},\"inLanguage\":\"es\",\"potentialAction\":[{\"@type\":\"ReadAction\",\"target\":[\"https:\/\/cleverfilter.de\/es\/quienes-somos\/\"]}]},{\"@type\":\"BreadcrumbList\",\"@id\":\"https:\/\/cleverfilter.de\/es\/quienes-somos\/#breadcrumb\",\"itemListElement\":[{\"@type\":\"ListItem\",\"position\":1,\"name\":\"Startseite\",\"item\":\"https:\/\/cleverfilter.de\/es\/\"},{\"@type\":\"ListItem\",\"position\":2,\"name\":\"\u00bfQui\u00e9nes somos?\"}]},{\"@type\":\"WebSite\",\"@id\":\"https:\/\/cleverfilter.de\/#website\",\"url\":\"https:\/\/cleverfilter.de\/\",\"name\":\"Cleverfilter GmbH\",\"description\":\"Individuelle Filter-Produkte f\u00fcr jede Anwendung\",\"publisher\":{\"@id\":\"https:\/\/cleverfilter.de\/#organization\"},\"potentialAction\":[{\"@type\":\"SearchAction\",\"target\":{\"@type\":\"EntryPoint\",\"urlTemplate\":\"https:\/\/cleverfilter.de\/?s={search_term_string}\"},\"query-input\":{\"@type\":\"PropertyValueSpecification\",\"valueRequired\":true,\"valueName\":\"search_term_string\"}}],\"inLanguage\":\"es\"},{\"@type\":\"Organization\",\"@id\":\"https:\/\/cleverfilter.de\/#organization\",\"name\":\"Cleverfilter GmbH\",\"url\":\"https:\/\/cleverfilter.de\/\",\"logo\":{\"@type\":\"ImageObject\",\"inLanguage\":\"es\",\"@id\":\"https:\/\/cleverfilter.de\/#\/schema\/logo\/image\/\",\"url\":\"https:\/\/cleverfilter.de\/wp-content\/uploads\/2026\/03\/clever-filter-logo-RGB-360pxb.png\",\"contentUrl\":\"https:\/\/cleverfilter.de\/wp-content\/uploads\/2026\/03\/clever-filter-logo-RGB-360pxb.png\",\"width\":600,\"height\":135,\"caption\":\"Cleverfilter GmbH\"},\"image\":{\"@id\":\"https:\/\/cleverfilter.de\/#\/schema\/logo\/image\/\"}}]}<\/script>\n<!-- \/ Yoast SEO plugin. -->","yoast_head_json":{"title":"\u00bfQui\u00e9nes somos? - Cleverfilter GmbH","description":"Vertrieb und Entwicklung von Industrie-Filterprodukte f\u00fcr die Fl\u00fcssigkeits-, und Gasfiltration. Hervorragendes Preis-\/ Leistungsverh\u00e4ltnis.","robots":{"index":"index","follow":"follow","max-snippet":"max-snippet:-1","max-image-preview":"max-image-preview:large","max-video-preview":"max-video-preview:-1"},"canonical":"https:\/\/cleverfilter.de\/es\/quienes-somos\/","og_locale":"es_ES","og_type":"article","og_title":"\u00bfQui\u00e9nes somos? - Cleverfilter GmbH","og_description":"Vertrieb und Entwicklung von Industrie-Filterprodukte f\u00fcr die Fl\u00fcssigkeits-, und Gasfiltration. Hervorragendes Preis-\/ Leistungsverh\u00e4ltnis.","og_url":"https:\/\/cleverfilter.de\/es\/quienes-somos\/","og_site_name":"Cleverfilter GmbH","article_modified_time":"2025-07-08T12:01:51+00:00","og_image":[{"width":1520,"height":600,"url":"https:\/\/cleverfilter.de\/wp-content\/uploads\/2026\/03\/head-clever-filter-home.jpg","type":"image\/jpeg"}],"twitter_card":"summary_large_image","schema":{"@context":"https:\/\/schema.org","@graph":[{"@type":"WebPage","@id":"https:\/\/cleverfilter.de\/es\/quienes-somos\/","url":"https:\/\/cleverfilter.de\/es\/quienes-somos\/","name":"\u00bfQui\u00e9nes somos? - Cleverfilter GmbH","isPartOf":{"@id":"https:\/\/cleverfilter.de\/#website"},"datePublished":"2020-09-07T07:22:30+00:00","dateModified":"2025-07-08T12:01:51+00:00","description":"Vertrieb und Entwicklung von Industrie-Filterprodukte f\u00fcr die Fl\u00fcssigkeits-, und Gasfiltration. Hervorragendes Preis-\/ Leistungsverh\u00e4ltnis.","breadcrumb":{"@id":"https:\/\/cleverfilter.de\/es\/quienes-somos\/#breadcrumb"},"inLanguage":"es","potentialAction":[{"@type":"ReadAction","target":["https:\/\/cleverfilter.de\/es\/quienes-somos\/"]}]},{"@type":"BreadcrumbList","@id":"https:\/\/cleverfilter.de\/es\/quienes-somos\/#breadcrumb","itemListElement":[{"@type":"ListItem","position":1,"name":"Startseite","item":"https:\/\/cleverfilter.de\/es\/"},{"@type":"ListItem","position":2,"name":"\u00bfQui\u00e9nes somos?"}]},{"@type":"WebSite","@id":"https:\/\/cleverfilter.de\/#website","url":"https:\/\/cleverfilter.de\/","name":"Cleverfilter GmbH","description":"Individuelle Filter-Produkte f\u00fcr jede Anwendung","publisher":{"@id":"https:\/\/cleverfilter.de\/#organization"},"potentialAction":[{"@type":"SearchAction","target":{"@type":"EntryPoint","urlTemplate":"https:\/\/cleverfilter.de\/?s={search_term_string}"},"query-input":{"@type":"PropertyValueSpecification","valueRequired":true,"valueName":"search_term_string"}}],"inLanguage":"es"},{"@type":"Organization","@id":"https:\/\/cleverfilter.de\/#organization","name":"Cleverfilter GmbH","url":"https:\/\/cleverfilter.de\/","logo":{"@type":"ImageObject","inLanguage":"es","@id":"https:\/\/cleverfilter.de\/#\/schema\/logo\/image\/","url":"https:\/\/cleverfilter.de\/wp-content\/uploads\/2026\/03\/clever-filter-logo-RGB-360pxb.png","contentUrl":"https:\/\/cleverfilter.de\/wp-content\/uploads\/2026\/03\/clever-filter-logo-RGB-360pxb.png","width":600,"height":135,"caption":"Cleverfilter GmbH"},"image":{"@id":"https:\/\/cleverfilter.de\/#\/schema\/logo\/image\/"}}]}},"_links":{"self":[{"href":"https:\/\/cleverfilter.de\/es\/wp-json\/wp\/v2\/pages\/4284","targetHints":{"allow":["GET"]}}],"collection":[{"href":"https:\/\/cleverfilter.de\/es\/wp-json\/wp\/v2\/pages"}],"about":[{"href":"https:\/\/cleverfilter.de\/es\/wp-json\/wp\/v2\/types\/page"}],"author":[{"embeddable":true,"href":"https:\/\/cleverfilter.de\/es\/wp-json\/wp\/v2\/users\/1"}],"replies":[{"embeddable":true,"href":"https:\/\/cleverfilter.de\/es\/wp-json\/wp\/v2\/comments?post=4284"}],"version-history":[{"count":7,"href":"https:\/\/cleverfilter.de\/es\/wp-json\/wp\/v2\/pages\/4284\/revisions"}],"predecessor-version":[{"id":4485,"href":"https:\/\/cleverfilter.de\/es\/wp-json\/wp\/v2\/pages\/4284\/revisions\/4485"}],"wp:attachment":[{"href":"https:\/\/cleverfilter.de\/es\/wp-json\/wp\/v2\/media?parent=4284"}],"curies":[{"name":"wp","href":"https:\/\/api.w.org\/{rel}","templated":true}]}}