{"id":4351,"date":"2020-09-07T11:15:51","date_gmt":"2020-09-07T09:15:51","guid":{"rendered":"https:\/\/cleverfilter.de\/aviso-legal\/"},"modified":"2025-07-08T13:58:46","modified_gmt":"2025-07-08T11:58:46","slug":"aviso-legal","status":"publish","type":"page","link":"https:\/\/cleverfilter.de\/es\/aviso-legal\/","title":{"rendered":"Aviso legal"},"content":{"rendered":"<div id='startslider'  class='avia-section av-1isv2-af8dd7df5d5a5daf8b3624b380299c9a main_color avia-section-no-padding avia-no-border-styling  avia-builder-el-0  el_before_av_section  avia-builder-el-first  avia-bg-style-scroll container_wrap fullsize'  ><div class='container av-section-cont-open' ><main  role=\"main\" itemprop=\"mainContentOfPage\"  class='template-page content  av-content-full alpha units'><div class='post-entry post-entry-type-page post-entry-4351'><div class='entry-content-wrapper clearfix'>\n<div class='flex_column_table av-26y8a-a78fedf68762663772371e54cbf18341 sc-av_two_third av-equal-height-column-flextable'>\n<style type=\"text\/css\" data-created_by=\"avia_inline_auto\" id=\"style-css-av-26y8a-a78fedf68762663772371e54cbf18341\">\n.flex_column.av-26y8a-a78fedf68762663772371e54cbf18341{\nborder-radius:0px 0px 0px 0px;\npadding:0px 0px 0px 0px;\n}\n<\/style>\n<div  class='flex_column av-26y8a-a78fedf68762663772371e54cbf18341 av_two_third  avia-builder-el-1  el_before_av_one_third  avia-builder-el-first  first flex_column_table_cell av-equal-height-column av-align-middle av-zero-column-padding  '     ><style type=\"text\/css\" data-created_by=\"avia_inline_auto\" id=\"style-css-av-1mpg6-92f6d005f4dd13d437dfe7aea071ee0d\">\n.avia-image-container.av-1mpg6-92f6d005f4dd13d437dfe7aea071ee0d img.avia_image{\nbox-shadow:none;\n}\n.avia-image-container.av-1mpg6-92f6d005f4dd13d437dfe7aea071ee0d .av-image-caption-overlay-center{\ncolor:#ffffff;\n}\n<\/style>\n<div  class='avia-image-container av-1mpg6-92f6d005f4dd13d437dfe7aea071ee0d av-styling-no-styling avia-align-center  avia-builder-el-2  avia-builder-el-no-sibling '   itemprop=\"image\" itemscope=\"itemscope\" itemtype=\"https:\/\/schema.org\/ImageObject\" ><div class=\"avia-image-container-inner\"><div class=\"avia-image-overlay-wrap\"><img decoding=\"async\" fetchpriority=\"high\" class='wp-image-3934 avia-img-lazy-loading-not-3934 avia_image ' src=\"https:\/\/cleverfilter.de\/wp-content\/uploads\/2020\/09\/header_de_impressum-1-1.png\" alt='' title='header_de_impressum-1'  height=\"600\" width=\"1520\"  itemprop=\"thumbnailUrl\" srcset=\"https:\/\/cleverfilter.de\/wp-content\/uploads\/2020\/09\/header_de_impressum-1-1.png 1520w, https:\/\/cleverfilter.de\/wp-content\/uploads\/2020\/09\/header_de_impressum-1-1-300x118.png 300w, https:\/\/cleverfilter.de\/wp-content\/uploads\/2020\/09\/header_de_impressum-1-1-1030x407.png 1030w, https:\/\/cleverfilter.de\/wp-content\/uploads\/2020\/09\/header_de_impressum-1-1-768x303.png 768w, https:\/\/cleverfilter.de\/wp-content\/uploads\/2020\/09\/header_de_impressum-1-1-1500x592.png 1500w, https:\/\/cleverfilter.de\/wp-content\/uploads\/2020\/09\/header_de_impressum-1-1-705x278.png 705w\" sizes=\"(max-width: 1520px) 100vw, 1520px\" \/><\/div><\/div><\/div><\/div><div class='av-flex-placeholder'><\/div>\n<style type=\"text\/css\" data-created_by=\"avia_inline_auto\" id=\"style-css-av-yiui-e12e6432291a5fd5a9776580799deb5d\">\n.flex_column.av-yiui-e12e6432291a5fd5a9776580799deb5d{\nborder-radius:0px 0px 0px 0px;\npadding:20px 20px 20px 20px;\nbackground-color:#004490;\n}\n<\/style>\n<div  class='flex_column av-yiui-e12e6432291a5fd5a9776580799deb5d av_one_third  avia-builder-el-3  el_after_av_two_third  avia-builder-el-last  flex_column_table_cell av-equal-height-column av-align-middle  '     ><p>\n<style type=\"text\/css\" data-created_by=\"avia_inline_auto\" id=\"style-css-av-kes6xtzk-ab54f5a1e6d9d491741c4d8084ddecf5\">\n#top .av_textblock_section.av-kes6xtzk-ab54f5a1e6d9d491741c4d8084ddecf5 .avia_textblock{\nfont-size:20px;\ncolor:#ffffff;\n}\n<\/style>\n<section  class='av_textblock_section av-kes6xtzk-ab54f5a1e6d9d491741c4d8084ddecf5 '   itemscope=\"itemscope\" itemtype=\"https:\/\/schema.org\/CreativeWork\" ><div class='avia_textblock av_inherit_color'  itemprop=\"text\" ><p>Por el bien del medio ambiente.<br \/>\nApoyamos.<br \/>\nSostenible.<\/p>\n<\/div><\/section><br \/>\n\n<style type=\"text\/css\" data-created_by=\"avia_inline_auto\" id=\"style-css-av-kes7kmyl-168b84fb548e6f8be505d13809013774\">\n#top .hr.hr-invisible.av-kes7kmyl-168b84fb548e6f8be505d13809013774{\nheight:20px;\n}\n<\/style>\n<div  class='hr av-kes7kmyl-168b84fb548e6f8be505d13809013774 hr-invisible  avia-builder-el-5  el_after_av_textblock  el_before_av_button_big  avia-builder-el-last '><span class='hr-inner '><span class=\"hr-inner-style\"><\/span><\/span><\/div><br \/>\n<div  class='avia-button-wrap avia-button-center  avia-builder-el-6  el_after_av_hr  avia-builder-el-last '>\n<style type=\"text\/css\" data-created_by=\"avia_inline_auto\" id=\"style-css-av-wrym-5fa23ddfd17739629e9f590449e508d8\">\n#top #wrap_all .avia-button.av-wrym-5fa23ddfd17739629e9f590449e508d8{\nbackground-color:#d9d9d9;\nborder-color:#d9d9d9;\ntransition:all 0.4s ease-in-out;\n}\n#top #wrap_all .avia-button.av-wrym-5fa23ddfd17739629e9f590449e508d8:hover{\nbackground-color:#eaeaea;\ncolor:white;\ntransition:all 0.4s ease-in-out;\n}\n<\/style>\n<a href='https:\/\/cleverfilter.de\/es\/contacto\/' class='av-icon-on-hover avia-font-color-theme-color avia-button avia-button-fullwidth av-wrym-5fa23ddfd17739629e9f590449e508d8 avia-icon_select-no avia-color-custom'   aria-label=\"&gt;&gt; Recibe asesoramiento ahora\"><span class='avia_iconbox_title' >&gt;&gt; Recibe asesoramiento ahora<\/span><\/a><\/div><\/p><\/div><\/div><!--close column table wrapper. Autoclose: 1 --><\/div><\/div><\/main><!-- close content main element --><\/div><\/div><div id='av_section_2'  class='avia-section av-b8smw-5bb1037ab9e118c16ced4a0d8c56c701 main_color avia-section-default avia-no-border-styling  avia-builder-el-7  el_after_av_section  avia-builder-el-last  avia-bg-style-scroll container_wrap fullsize'  ><div class='container av-section-cont-open' ><div class='template-page content  av-content-full alpha units'><div class='post-entry post-entry-type-page post-entry-4351'><div class='entry-content-wrapper clearfix'>\n\n<style type=\"text\/css\" data-created_by=\"avia_inline_auto\" id=\"style-css-av-8xpw8-ca62e83498d3ae91830d46efa8bebc4a\">\n.flex_column.av-8xpw8-ca62e83498d3ae91830d46efa8bebc4a{\nborder-radius:0px 0px 0px 0px;\npadding:0px 0px 0px 0px;\n}\n<\/style>\n<div  class='flex_column av-8xpw8-ca62e83498d3ae91830d46efa8bebc4a av_one_full  avia-builder-el-8  avia-builder-el-no-sibling  first flex_column_div av-zero-column-padding  '     ><section  class='av_textblock_section av-kesb89ke-4f948e002db3db87ce7da22d8cfed4d5 '   itemscope=\"itemscope\" itemtype=\"https:\/\/schema.org\/CreativeWork\" ><div class='avia_textblock'  itemprop=\"text\" ><h1>Aviso legal<\/h1>\n<p><strong>Informaci\u00f3n seg\u00fan \u00a7 5 TMG:<\/strong><\/p>\n<p style=\"text-align: left;\">Cleverfilter GmbH<br class=\"avia-permanent-lb\">Valterweg 30<br class=\"avia-permanent-lb\">65817 Eppstein<\/p>\n<p>Cleverfilter Vertriebsgesellschaft mbH<br \/>\nValterweg 30<br \/>\nD- 65817 Eppstein \/ Bremthal<\/p>\n<p><strong>Representado por:<\/strong><\/p>\n<p>Director General:<\/p>\n<p>Peter Reumerman, Dipl. &#8211; Ing.<br \/>\nThomas Ida, Dipl. &#8211; Ing.  <\/p>\n<p><strong>Contacto:<\/strong><\/p>\n<p>Tel\u00e9fono: +49 6198 \/ 588 09 52<br \/>\nTel\u00e9fono FAX: +49 6198 \/ 588 72 63<br \/>\nCorreo electr\u00f3nico: <span id=\"cloak71fd124cc9e7072a321b28ef9fd8732f\"><a href=\"mailto:info@cleverfilter-group.com\">info@cleverfilter-group.com<\/a><\/span><\/p>\n<p><strong>Registro:<\/strong><\/p>\n<p>Cleverfilter GmbH <br class=\"avia-permanent-lb\">Inscripci\u00f3n en el registro mercantil<br \/>\nTribunal de registro: K\u00f6nigstein<br \/>\nN\u00famero de registro: HRB 8314<\/p>\n<p>Cleverfilter Vertriebsgesellschaft mbH <br class=\"avia-permanent-lb\">Inscripci\u00f3n en el registro mercantil<br class=\"avia-permanent-lb\">Juzgado del registro: K\u00f6nigstein <br class=\"avia-permanent-lb\">N\u00famero de registro: HRB 8837<\/p>\n<p><strong>Impuesto sobre el valor a\u00f1adido:  <\/strong><\/p>\n<p>Cleverfilter GmbH <br class=\"avia-permanent-lb\">N\u00famero de identificaci\u00f3n fiscal seg\u00fan el art\u00edculo 27 a de la Ley del Impuesto sobre el Valor A\u00f1adido:<br \/>\nDE 815280109<\/p>\n<p>Cleverfilter Vertriebsgesellschaft mbH <br class=\"avia-permanent-lb\">N\u00famero de identificaci\u00f3n fiscal seg\u00fan el art\u00edculo 27 a de la Ley del Impuesto sobre las Ventas: <br class=\"avia-permanent-lb\">DE 295975135<\/p>\n<p><strong>Responsable del contenido seg\u00fan \u00a7 55 Abs. 2 RStV: <\/strong><\/p>\n<p>Peter Reumerman, Dipl. &#8211; Ing.<br \/>\nValterweg 30<br \/>\nD-65817 Eppstein \/ Bremthal<\/p>\n<\/div><\/section><br \/>\n<section  class='av_textblock_section av-kesb89ke-1-4cc6656bd4ae961c66e8f29a09441af0 '   itemscope=\"itemscope\" itemtype=\"https:\/\/schema.org\/CreativeWork\" ><div class='avia_textblock'  itemprop=\"text\" ><h3>Resoluci\u00f3n de conflictos<\/h3>\n<p>La Comisi\u00f3n Europea ofrece una plataforma de resoluci\u00f3n de litigios en l\u00ednea (OS): <a href=\"https:\/\/ec.europa.eu\/consumers\/odr\" target=\"_blank\" rel=\"noopener\">https:\/\/ec.europa.eu\/consumers\/odr<\/a>.<br \/>\nPuedes encontrar nuestra direcci\u00f3n de correo electr\u00f3nico en el aviso legal anterior.<\/p>\n<p>No estamos dispuestos ni obligados a participar en procedimientos de resoluci\u00f3n de litigios ante una junta de arbitraje de consumo.<\/p>\n<h3>Responsabilidad por el contenido<\/h3>\n<p>Como proveedor de servicios, somos responsables de nuestro propio contenido en estas p\u00e1ginas de acuerdo con el art\u00edculo 7 (1) de la TMG (Ley alemana de Telemedios) y la legislaci\u00f3n general. Sin embargo, seg\u00fan los \u00a7\u00a7 8 a 10 de la TMG, como proveedor de servicios no estamos obligados a controlar la informaci\u00f3n de terceros transmitida o almacenada, ni a investigar circunstancias que indiquen una actividad ilegal.  <\/p>\n<p>Esto no afecta a las obligaciones de eliminar o bloquear el uso de informaci\u00f3n de acuerdo con la legislaci\u00f3n general. Sin embargo, la responsabilidad a este respecto s\u00f3lo ser\u00e1 posible a partir del momento en que tengamos conocimiento de una infracci\u00f3n concreta. Tan pronto como tengamos conocimiento de tales infracciones, eliminaremos este contenido inmediatamente.  <\/p>\n<h3><strong>Responsabilidad de los enlaces<\/strong><\/h3>\n<p>Nuestro sitio web contiene enlaces a sitios web externos de terceros sobre cuyo contenido no tenemos ninguna influencia. Por lo tanto, no podemos aceptar ninguna responsabilidad por este contenido de terceros. El respectivo proveedor u operador de las p\u00e1ginas es siempre responsable del contenido de las p\u00e1ginas enlazadas. Las p\u00e1ginas enlazadas se comprobaron en el momento de enlazarlas para detectar posibles infracciones legales. Los contenidos ilegales no eran reconocibles en el momento de establecer el enlace.    <\/p>\n<p>Sin embargo, la supervisi\u00f3n permanente del contenido de las p\u00e1ginas enlazadas no es razonable sin pruebas concretas de una infracci\u00f3n. Si tenemos conocimiento de alguna infracci\u00f3n legal, eliminaremos dichos enlaces inmediatamente. <\/p>\n<h3><strong>Derechos de autor<\/strong><\/h3>\n<p>El contenido y las obras creadas por los operadores del sitio en estas p\u00e1ginas est\u00e1n sujetos a la legislaci\u00f3n alemana sobre derechos de autor. La duplicaci\u00f3n, procesamiento, distribuci\u00f3n y cualquier tipo de utilizaci\u00f3n fuera de los l\u00edmites de la ley de derechos de autor requieren el consentimiento por escrito del autor o creador respectivo. Las descargas y copias de este sitio s\u00f3lo est\u00e1n permitidas para uso privado y no comercial.  <\/p>\n<p>En la medida en que el contenido de este sitio no haya sido creado por el operador, se respetan los derechos de autor de terceros. En particular, el contenido de terceros est\u00e1 etiquetado como tal. No obstante, si tienes conocimiento de una infracci\u00f3n de los derechos de autor, inf\u00f3rmanos al respecto. Si tenemos conocimiento de alguna infracci\u00f3n, eliminaremos dicho contenido inmediatamente.<\/p>\n<\/div><\/section><\/p><\/div>\n<\/p>\n","protected":false},"excerpt":{"rendered":"","protected":false},"author":1,"featured_media":0,"parent":0,"menu_order":0,"comment_status":"closed","ping_status":"closed","template":"","meta":{"footnotes":""},"class_list":["post-4351","page","type-page","status-publish","hentry"],"yoast_head":"<!-- This site is optimized with the Yoast SEO plugin v26.8 - https:\/\/yoast.com\/product\/yoast-seo-wordpress\/ -->\n<title>Aviso legal - Cleverfilter GmbH<\/title>\n<meta name=\"robots\" content=\"index, follow, max-snippet:-1, max-image-preview:large, max-video-preview:-1\" \/>\n<link rel=\"canonical\" href=\"https:\/\/cleverfilter.de\/es\/aviso-legal\/\" \/>\n<meta property=\"og:locale\" content=\"es_ES\" \/>\n<meta property=\"og:type\" content=\"article\" \/>\n<meta property=\"og:title\" content=\"Aviso legal - Cleverfilter GmbH\" \/>\n<meta property=\"og:url\" content=\"https:\/\/cleverfilter.de\/es\/aviso-legal\/\" \/>\n<meta property=\"og:site_name\" content=\"Cleverfilter GmbH\" \/>\n<meta property=\"article:modified_time\" content=\"2025-07-08T11:58:46+00:00\" \/>\n<meta property=\"og:image\" content=\"https:\/\/cleverfilter.de\/wp-content\/uploads\/2026\/03\/head-clever-filter-home.jpg\" \/>\n\t<meta property=\"og:image:width\" content=\"1520\" \/>\n\t<meta property=\"og:image:height\" content=\"600\" \/>\n\t<meta property=\"og:image:type\" content=\"image\/jpeg\" \/>\n<meta name=\"twitter:card\" content=\"summary_large_image\" \/>\n<script type=\"application\/ld+json\" class=\"yoast-schema-graph\">{\"@context\":\"https:\/\/schema.org\",\"@graph\":[{\"@type\":\"WebPage\",\"@id\":\"https:\/\/cleverfilter.de\/es\/aviso-legal\/\",\"url\":\"https:\/\/cleverfilter.de\/es\/aviso-legal\/\",\"name\":\"Aviso legal - Cleverfilter GmbH\",\"isPartOf\":{\"@id\":\"https:\/\/cleverfilter.de\/#website\"},\"datePublished\":\"2020-09-07T09:15:51+00:00\",\"dateModified\":\"2025-07-08T11:58:46+00:00\",\"breadcrumb\":{\"@id\":\"https:\/\/cleverfilter.de\/es\/aviso-legal\/#breadcrumb\"},\"inLanguage\":\"es\",\"potentialAction\":[{\"@type\":\"ReadAction\",\"target\":[\"https:\/\/cleverfilter.de\/es\/aviso-legal\/\"]}]},{\"@type\":\"BreadcrumbList\",\"@id\":\"https:\/\/cleverfilter.de\/es\/aviso-legal\/#breadcrumb\",\"itemListElement\":[{\"@type\":\"ListItem\",\"position\":1,\"name\":\"Startseite\",\"item\":\"https:\/\/cleverfilter.de\/es\/\"},{\"@type\":\"ListItem\",\"position\":2,\"name\":\"Aviso legal\"}]},{\"@type\":\"WebSite\",\"@id\":\"https:\/\/cleverfilter.de\/#website\",\"url\":\"https:\/\/cleverfilter.de\/\",\"name\":\"Cleverfilter GmbH\",\"description\":\"Individuelle Filter-Produkte f\u00fcr jede Anwendung\",\"publisher\":{\"@id\":\"https:\/\/cleverfilter.de\/#organization\"},\"potentialAction\":[{\"@type\":\"SearchAction\",\"target\":{\"@type\":\"EntryPoint\",\"urlTemplate\":\"https:\/\/cleverfilter.de\/?s={search_term_string}\"},\"query-input\":{\"@type\":\"PropertyValueSpecification\",\"valueRequired\":true,\"valueName\":\"search_term_string\"}}],\"inLanguage\":\"es\"},{\"@type\":\"Organization\",\"@id\":\"https:\/\/cleverfilter.de\/#organization\",\"name\":\"Cleverfilter GmbH\",\"url\":\"https:\/\/cleverfilter.de\/\",\"logo\":{\"@type\":\"ImageObject\",\"inLanguage\":\"es\",\"@id\":\"https:\/\/cleverfilter.de\/#\/schema\/logo\/image\/\",\"url\":\"https:\/\/cleverfilter.de\/wp-content\/uploads\/2026\/03\/clever-filter-logo-RGB-360pxb.png\",\"contentUrl\":\"https:\/\/cleverfilter.de\/wp-content\/uploads\/2026\/03\/clever-filter-logo-RGB-360pxb.png\",\"width\":600,\"height\":135,\"caption\":\"Cleverfilter GmbH\"},\"image\":{\"@id\":\"https:\/\/cleverfilter.de\/#\/schema\/logo\/image\/\"}}]}<\/script>\n<!-- \/ Yoast SEO plugin. -->","yoast_head_json":{"title":"Aviso legal - Cleverfilter GmbH","robots":{"index":"index","follow":"follow","max-snippet":"max-snippet:-1","max-image-preview":"max-image-preview:large","max-video-preview":"max-video-preview:-1"},"canonical":"https:\/\/cleverfilter.de\/es\/aviso-legal\/","og_locale":"es_ES","og_type":"article","og_title":"Aviso legal - Cleverfilter GmbH","og_url":"https:\/\/cleverfilter.de\/es\/aviso-legal\/","og_site_name":"Cleverfilter GmbH","article_modified_time":"2025-07-08T11:58:46+00:00","og_image":[{"width":1520,"height":600,"url":"https:\/\/cleverfilter.de\/wp-content\/uploads\/2026\/03\/head-clever-filter-home.jpg","type":"image\/jpeg"}],"twitter_card":"summary_large_image","schema":{"@context":"https:\/\/schema.org","@graph":[{"@type":"WebPage","@id":"https:\/\/cleverfilter.de\/es\/aviso-legal\/","url":"https:\/\/cleverfilter.de\/es\/aviso-legal\/","name":"Aviso legal - Cleverfilter GmbH","isPartOf":{"@id":"https:\/\/cleverfilter.de\/#website"},"datePublished":"2020-09-07T09:15:51+00:00","dateModified":"2025-07-08T11:58:46+00:00","breadcrumb":{"@id":"https:\/\/cleverfilter.de\/es\/aviso-legal\/#breadcrumb"},"inLanguage":"es","potentialAction":[{"@type":"ReadAction","target":["https:\/\/cleverfilter.de\/es\/aviso-legal\/"]}]},{"@type":"BreadcrumbList","@id":"https:\/\/cleverfilter.de\/es\/aviso-legal\/#breadcrumb","itemListElement":[{"@type":"ListItem","position":1,"name":"Startseite","item":"https:\/\/cleverfilter.de\/es\/"},{"@type":"ListItem","position":2,"name":"Aviso legal"}]},{"@type":"WebSite","@id":"https:\/\/cleverfilter.de\/#website","url":"https:\/\/cleverfilter.de\/","name":"Cleverfilter GmbH","description":"Individuelle Filter-Produkte f\u00fcr jede Anwendung","publisher":{"@id":"https:\/\/cleverfilter.de\/#organization"},"potentialAction":[{"@type":"SearchAction","target":{"@type":"EntryPoint","urlTemplate":"https:\/\/cleverfilter.de\/?s={search_term_string}"},"query-input":{"@type":"PropertyValueSpecification","valueRequired":true,"valueName":"search_term_string"}}],"inLanguage":"es"},{"@type":"Organization","@id":"https:\/\/cleverfilter.de\/#organization","name":"Cleverfilter GmbH","url":"https:\/\/cleverfilter.de\/","logo":{"@type":"ImageObject","inLanguage":"es","@id":"https:\/\/cleverfilter.de\/#\/schema\/logo\/image\/","url":"https:\/\/cleverfilter.de\/wp-content\/uploads\/2026\/03\/clever-filter-logo-RGB-360pxb.png","contentUrl":"https:\/\/cleverfilter.de\/wp-content\/uploads\/2026\/03\/clever-filter-logo-RGB-360pxb.png","width":600,"height":135,"caption":"Cleverfilter GmbH"},"image":{"@id":"https:\/\/cleverfilter.de\/#\/schema\/logo\/image\/"}}]}},"_links":{"self":[{"href":"https:\/\/cleverfilter.de\/es\/wp-json\/wp\/v2\/pages\/4351","targetHints":{"allow":["GET"]}}],"collection":[{"href":"https:\/\/cleverfilter.de\/es\/wp-json\/wp\/v2\/pages"}],"about":[{"href":"https:\/\/cleverfilter.de\/es\/wp-json\/wp\/v2\/types\/page"}],"author":[{"embeddable":true,"href":"https:\/\/cleverfilter.de\/es\/wp-json\/wp\/v2\/users\/1"}],"replies":[{"embeddable":true,"href":"https:\/\/cleverfilter.de\/es\/wp-json\/wp\/v2\/comments?post=4351"}],"version-history":[{"count":4,"href":"https:\/\/cleverfilter.de\/es\/wp-json\/wp\/v2\/pages\/4351\/revisions"}],"predecessor-version":[{"id":4476,"href":"https:\/\/cleverfilter.de\/es\/wp-json\/wp\/v2\/pages\/4351\/revisions\/4476"}],"wp:attachment":[{"href":"https:\/\/cleverfilter.de\/es\/wp-json\/wp\/v2\/media?parent=4351"}],"curies":[{"name":"wp","href":"https:\/\/api.w.org\/{rel}","templated":true}]}}