{"id":4354,"date":"2020-09-07T09:37:16","date_gmt":"2020-09-07T07:37:16","guid":{"rendered":"https:\/\/cleverfilter.de\/contacto\/"},"modified":"2025-07-08T13:59:35","modified_gmt":"2025-07-08T11:59:35","slug":"contacto","status":"publish","type":"page","link":"https:\/\/cleverfilter.de\/es\/contacto\/","title":{"rendered":"Contacto"},"content":{"rendered":"<div id='startslider'  class='avia-section av-1isv2-26e78b5ba5f0a7b71d35182fd59fb045 main_color avia-section-no-padding avia-no-border-styling  avia-builder-el-0  el_before_av_slideshow_full  avia-builder-el-first  av-medium-hide av-small-hide av-mini-hide avia-bg-style-scroll container_wrap fullsize'  ><div class='container av-section-cont-open' ><main  role=\"main\" itemprop=\"mainContentOfPage\"  class='template-page content  av-content-full alpha units'><div class='post-entry post-entry-type-page post-entry-4354'><div class='entry-content-wrapper clearfix'>\n<div class='flex_column_table av-26y8a-169516d9c0b3f1be49f0cb4f84651f17 sc-av_two_third av-equal-height-column-flextable'>\n<style type=\"text\/css\" data-created_by=\"avia_inline_auto\" id=\"style-css-av-26y8a-169516d9c0b3f1be49f0cb4f84651f17\">\n.flex_column.av-26y8a-169516d9c0b3f1be49f0cb4f84651f17{\nborder-radius:0px 0px 0px 0px;\npadding:0px 0px 0px 0px;\nbackground-color:#dbe8f1;\n}\n<\/style>\n<div  class='flex_column av-26y8a-169516d9c0b3f1be49f0cb4f84651f17 av_two_third  avia-builder-el-1  el_before_av_one_third  avia-builder-el-first  first no_margin flex_column_table_cell av-equal-height-column av-align-middle av-zero-column-padding  '     ><style type=\"text\/css\" data-created_by=\"avia_inline_auto\" id=\"style-css-av-1mpg6-660cdd737e5711eeee60f497b9c821cd\">\n.avia-image-container.av-1mpg6-660cdd737e5711eeee60f497b9c821cd img.avia_image{\nbox-shadow:none;\n}\n.avia-image-container.av-1mpg6-660cdd737e5711eeee60f497b9c821cd .av-image-caption-overlay-center{\ncolor:#ffffff;\n}\n<\/style>\n<div  class='avia-image-container av-1mpg6-660cdd737e5711eeee60f497b9c821cd av-styling-no-styling avia-align-center  avia-builder-el-2  avia-builder-el-no-sibling '   itemprop=\"image\" itemscope=\"itemscope\" itemtype=\"https:\/\/schema.org\/ImageObject\" ><div class=\"avia-image-container-inner\"><div class=\"avia-image-overlay-wrap\"><img decoding=\"async\" fetchpriority=\"high\" class='wp-image-4218 avia-img-lazy-loading-not-4218 avia_image ' src=\"https:\/\/cleverfilter.de\/wp-content\/uploads\/2025\/04\/Kein-Titel-1205-x-768-px.jpg\" alt='' title='Kein Titel (1205 x 768 px)'  height=\"768\" width=\"1205\"  itemprop=\"thumbnailUrl\" srcset=\"https:\/\/cleverfilter.de\/wp-content\/uploads\/2025\/04\/Kein-Titel-1205-x-768-px.jpg 1205w, https:\/\/cleverfilter.de\/wp-content\/uploads\/2025\/04\/Kein-Titel-1205-x-768-px-300x191.jpg 300w, https:\/\/cleverfilter.de\/wp-content\/uploads\/2025\/04\/Kein-Titel-1205-x-768-px-1030x656.jpg 1030w, https:\/\/cleverfilter.de\/wp-content\/uploads\/2025\/04\/Kein-Titel-1205-x-768-px-768x489.jpg 768w, https:\/\/cleverfilter.de\/wp-content\/uploads\/2025\/04\/Kein-Titel-1205-x-768-px-705x449.jpg 705w\" sizes=\"(max-width: 1205px) 100vw, 1205px\" \/><\/div><\/div><\/div><\/div>\n<style type=\"text\/css\" data-created_by=\"avia_inline_auto\" id=\"style-css-av-yiui-e12e6432291a5fd5a9776580799deb5d\">\n.flex_column.av-yiui-e12e6432291a5fd5a9776580799deb5d{\nborder-radius:0px 0px 0px 0px;\npadding:20px 20px 20px 20px;\nbackground-color:#004490;\n}\n<\/style>\n<div  class='flex_column av-yiui-e12e6432291a5fd5a9776580799deb5d av_one_third  avia-builder-el-3  el_after_av_two_third  avia-builder-el-last  no_margin flex_column_table_cell av-equal-height-column av-align-middle  '     ><p>\n<style type=\"text\/css\" data-created_by=\"avia_inline_auto\" id=\"style-css-av-kes6xtzk-ab54f5a1e6d9d491741c4d8084ddecf5\">\n#top .av_textblock_section.av-kes6xtzk-ab54f5a1e6d9d491741c4d8084ddecf5 .avia_textblock{\nfont-size:20px;\ncolor:#ffffff;\n}\n<\/style>\n<section  class='av_textblock_section av-kes6xtzk-ab54f5a1e6d9d491741c4d8084ddecf5 '   itemscope=\"itemscope\" itemtype=\"https:\/\/schema.org\/CreativeWork\" ><div class='avia_textblock av_inherit_color'  itemprop=\"text\" ><p>El servicio al cliente es muy importante para nosotros Estamos aqu\u00ed para ustedes<\/p>\n<\/div><\/section><br \/>\n\n<style type=\"text\/css\" data-created_by=\"avia_inline_auto\" id=\"style-css-av-kes7kmyl-168b84fb548e6f8be505d13809013774\">\n#top .hr.hr-invisible.av-kes7kmyl-168b84fb548e6f8be505d13809013774{\nheight:20px;\n}\n<\/style>\n<div  class='hr av-kes7kmyl-168b84fb548e6f8be505d13809013774 hr-invisible  avia-builder-el-5  el_after_av_textblock  el_before_av_button_big  avia-builder-el-last '><span class='hr-inner '><span class=\"hr-inner-style\"><\/span><\/span><\/div><br \/>\n<div  class='avia-button-wrap avia-button-center  avia-builder-el-6  el_after_av_hr  avia-builder-el-last '>\n<style type=\"text\/css\" data-created_by=\"avia_inline_auto\" id=\"style-css-av-wrym-37a495c7434b70d2fd47447a02d52586\">\n#top #wrap_all .avia-button.av-wrym-37a495c7434b70d2fd47447a02d52586{\nbackground-color:#d9d9d9;\nborder-color:#d9d9d9;\ntransition:all 0.4s ease-in-out;\n}\n#top #wrap_all .avia-button.av-wrym-37a495c7434b70d2fd47447a02d52586:hover{\nbackground-color:#eaeaea;\ncolor:white;\ntransition:all 0.4s ease-in-out;\n}\n<\/style>\n<a href='https:\/\/cleverfilter.de\/es\/contacto\/#kontakt' class='av-icon-on-hover avia-font-color-theme-color avia-button avia-button-fullwidth av-wrym-37a495c7434b70d2fd47447a02d52586 avia-icon_select-no avia-color-custom'   aria-label=\"&gt;&gt; Recibe asesoramiento ahora\"><span class='avia_iconbox_title' >&gt;&gt; Recibe asesoramiento ahora<\/span><\/a><\/div><\/p><\/div><\/div><!--close column table wrapper. Autoclose: 1 --><\/div><\/div><\/main><!-- close content main element --><\/div><\/div><div id='full_slider_1'  class='avia-fullwidth-slider main_color avia-shadow av-desktop-hide  avia-builder-el-7  el_after_av_section  el_before_av_section   slider-not-first container_wrap fullsize'  ><div  class='avia-slideshow av-kf3ofk7o-ffbeaafefe4f628a1ef8278be0c3b344 avia-slideshow-no scaling av_slideshow_full avia-slide-slider av-desktop-hide av-slideshow-ui av-control-default av-slideshow-manual av-loop-once av-loop-manual-endless av-default-height-applied   avia-slideshow-1' data-slideshow-options=\"{&quot;animation&quot;:&quot;slide&quot;,&quot;autoplay&quot;:false,&quot;loop_autoplay&quot;:&quot;once&quot;,&quot;interval&quot;:5,&quot;loop_manual&quot;:&quot;manual-endless&quot;,&quot;autoplay_stopper&quot;:false,&quot;noNavigation&quot;:false,&quot;bg_slider&quot;:false,&quot;keep_padding&quot;:false,&quot;hoverpause&quot;:false,&quot;show_slide_delay&quot;:0}\"  itemprop=\"image\" itemscope=\"itemscope\" itemtype=\"https:\/\/schema.org\/ImageObject\" ><ul class='avia-slideshow-inner ' style='padding-bottom: 39.473684210526%;'><li  class='avia-slideshow-slide av-kf3ofk7o-ffbeaafefe4f628a1ef8278be0c3b344__0  av-single-slide slide-1 slide-odd'><div data-rel='slideshow-1' class='avia-slide-wrap '   ><img decoding=\"async\" fetchpriority=\"high\" class=\"wp-image-3988 avia-img-lazy-loading-not-3988\"  src=\"https:\/\/cleverfilter.de\/wp-content\/uploads\/2020\/09\/header_de_kontakt.png\" width=\"1520\" height=\"600\" title='header_de_kontakt' alt=''  itemprop=\"thumbnailUrl\" srcset=\"https:\/\/cleverfilter.de\/wp-content\/uploads\/2020\/09\/header_de_kontakt.png 1520w, https:\/\/cleverfilter.de\/wp-content\/uploads\/2020\/09\/header_de_kontakt-300x118.png 300w, https:\/\/cleverfilter.de\/wp-content\/uploads\/2020\/09\/header_de_kontakt-1030x407.png 1030w, https:\/\/cleverfilter.de\/wp-content\/uploads\/2020\/09\/header_de_kontakt-768x303.png 768w, https:\/\/cleverfilter.de\/wp-content\/uploads\/2020\/09\/header_de_kontakt-1500x592.png 1500w, https:\/\/cleverfilter.de\/wp-content\/uploads\/2020\/09\/header_de_kontakt-705x278.png 705w\" sizes=\"(max-width: 1520px) 100vw, 1520px\" \/><\/div><\/li><\/ul><\/div><\/div><\/p>\n\n<style type=\"text\/css\" data-created_by=\"avia_inline_auto\" id=\"style-css-av-1isv2-86cd0ae08189756029fe8eb7d1aa5279\">\n.avia-section.av-1isv2-86cd0ae08189756029fe8eb7d1aa5279{\nbackground-color:#004490;\nbackground-image:unset;\n}\n<\/style>\n<div id='av_section_2'  class='avia-section av-1isv2-86cd0ae08189756029fe8eb7d1aa5279 main_color avia-section-no-padding avia-no-border-styling  avia-builder-el-8  el_after_av_slideshow_full  el_before_av_one_full  av-desktop-hide avia-bg-style-scroll container_wrap fullsize'  ><div class='container av-section-cont-open' ><div class='template-page content  av-content-full alpha units'><div class='post-entry post-entry-type-page post-entry-4354'><div class='entry-content-wrapper clearfix'>\n<div class='flex_column_table av-yiui-aa1431533e8f7ed283f17a9a88b4e472 sc-av_two_third av-equal-height-column-flextable'>\n<style type=\"text\/css\" data-created_by=\"avia_inline_auto\" id=\"style-css-av-yiui-aa1431533e8f7ed283f17a9a88b4e472\">\n.flex_column.av-yiui-aa1431533e8f7ed283f17a9a88b4e472{\nborder-radius:0px 0px 0px 0px;\npadding:10px 20px 10px 20px;\n}\n<\/style>\n<div  class='flex_column av-yiui-aa1431533e8f7ed283f17a9a88b4e472 av_two_third  avia-builder-el-9  el_before_av_one_third  avia-builder-el-first  first no_margin flex_column_table_cell av-equal-height-column av-align-middle av-hide-on-mobile  '     ><style type=\"text\/css\" data-created_by=\"avia_inline_auto\" id=\"style-css-av-kes6xtzk-ab54f5a1e6d9d491741c4d8084ddecf5\">\n#top .av_textblock_section.av-kes6xtzk-ab54f5a1e6d9d491741c4d8084ddecf5 .avia_textblock{\nfont-size:20px;\ncolor:#ffffff;\n}\n<\/style>\n<section  class='av_textblock_section av-kes6xtzk-ab54f5a1e6d9d491741c4d8084ddecf5 '   itemscope=\"itemscope\" itemtype=\"https:\/\/schema.org\/CreativeWork\" ><div class='avia_textblock av_inherit_color'  itemprop=\"text\" ><p>El servicio al cliente es muy importante para nosotros Estamos aqu\u00ed para ustedes<\/p>\n<\/div><\/section><\/div>\n<style type=\"text\/css\" data-created_by=\"avia_inline_auto\" id=\"style-css-av-yiui-1d3b47282e3b058132b49c1cc90cadc1\">\n.flex_column.av-yiui-1d3b47282e3b058132b49c1cc90cadc1{\nborder-radius:0px 0px 0px 0px;\npadding:10px 20px 10px 20px;\n}\n<\/style>\n<div  class='flex_column av-yiui-1d3b47282e3b058132b49c1cc90cadc1 av_one_third  avia-builder-el-11  el_after_av_two_third  avia-builder-el-last  no_margin flex_column_table_cell av-equal-height-column av-align-middle  '     ><div  class='avia-button-wrap avia-button-center  avia-builder-el-12  avia-builder-el-no-sibling '>\n<style type=\"text\/css\" data-created_by=\"avia_inline_auto\" id=\"style-css-av-wrym-2fae22e2c4af54f23e02cf5549f70f1f\">\n#top #wrap_all .avia-button.av-wrym-2fae22e2c4af54f23e02cf5549f70f1f{\nbackground-color:#d9d9d9;\nborder-color:#d9d9d9;\ncolor:#004490;\ntransition:all 0.4s ease-in-out;\n}\n#top #wrap_all .avia-button.av-wrym-2fae22e2c4af54f23e02cf5549f70f1f:hover{\nbackground-color:#eaeaea;\ncolor:#ffffff;\ntransition:all 0.4s ease-in-out;\n}\n<\/style>\n<a href='https:\/\/cleverfilter.de\/es\/contacto\/#kontakt' class='av-icon-on-hover avia-button avia-button-fullwidth av-wrym-2fae22e2c4af54f23e02cf5549f70f1f avia-icon_select-no avia-color-custom'   aria-label=\"Solicite asesoramiento\"><span class='avia_iconbox_title' >Solicite asesoramiento<\/span><\/a><\/div><\/div><\/div><!--close column table wrapper. Autoclose: 1 -->\n<\/div><\/div><\/div><!-- close content main div --><\/div><\/div><div id='after_section_2'  class='main_color av_default_container_wrap container_wrap fullsize'  ><div class='container av-section-cont-open' ><div class='template-page content  av-content-full alpha units'><div class='post-entry post-entry-type-page post-entry-4354'><div class='entry-content-wrapper clearfix'>\n\n<style type=\"text\/css\" data-created_by=\"avia_inline_auto\" id=\"style-css-av-1pfdp-37ee80be53a95353b43efdfe247fdbb5\">\n.flex_column.av-1pfdp-37ee80be53a95353b43efdfe247fdbb5{\nborder-radius:0px 0px 0px 0px;\npadding:0px 0px 0px 0px;\n}\n<\/style>\n<div  class='flex_column av-1pfdp-37ee80be53a95353b43efdfe247fdbb5 av_one_full  avia-builder-el-13  el_after_av_section  el_before_av_section  avia-builder-el-no-sibling  first flex_column_div av-zero-column-padding  '     ><style type=\"text\/css\" data-created_by=\"avia_inline_auto\" id=\"style-css-av-xuh9-237c07fbd8bd1efd61333daa14dd914d\">\n.avia-image-container.av-xuh9-237c07fbd8bd1efd61333daa14dd914d img.avia_image{\nbox-shadow:none;\n}\n.avia-image-container.av-xuh9-237c07fbd8bd1efd61333daa14dd914d .av-image-caption-overlay-center{\ncolor:#ffffff;\n}\n<\/style>\n<div  class='avia-image-container av-xuh9-237c07fbd8bd1efd61333daa14dd914d av-styling- avia-align-center  avia-builder-el-14  avia-builder-el-no-sibling '   itemprop=\"image\" itemscope=\"itemscope\" itemtype=\"https:\/\/schema.org\/ImageObject\" ><div class=\"avia-image-container-inner\"><div class=\"avia-image-overlay-wrap\"><img decoding=\"async\" fetchpriority=\"high\" class='wp-image-4006 avia-img-lazy-loading-not-4006 avia_image ' src=\"https:\/\/cleverfilter.de\/wp-content\/uploads\/2020\/10\/Team_CleverFilter.jpg\" alt='' title='Team_CleverFilter'  height=\"761\" width=\"1200\"  itemprop=\"thumbnailUrl\" srcset=\"https:\/\/cleverfilter.de\/wp-content\/uploads\/2020\/10\/Team_CleverFilter.jpg 1200w, https:\/\/cleverfilter.de\/wp-content\/uploads\/2020\/10\/Team_CleverFilter-300x190.jpg 300w, https:\/\/cleverfilter.de\/wp-content\/uploads\/2020\/10\/Team_CleverFilter-1030x653.jpg 1030w, https:\/\/cleverfilter.de\/wp-content\/uploads\/2020\/10\/Team_CleverFilter-768x487.jpg 768w, https:\/\/cleverfilter.de\/wp-content\/uploads\/2020\/10\/Team_CleverFilter-705x447.jpg 705w\" sizes=\"(max-width: 1200px) 100vw, 1200px\" \/><\/div><\/div><\/div><\/div>\n<\/div><\/div><\/div><!-- close content main div --><\/div><\/div><div id='kontakt'  class='avia-section av-s0fm-f72a9d94083ac0b7acbf77a94c483421 main_color avia-section-default avia-no-border-styling  avia-builder-el-15  el_after_av_one_full  avia-builder-el-last  avia-bg-style-scroll container_wrap fullsize'  ><div class='container av-section-cont-open' ><div class='template-page content  av-content-full alpha units'><div class='post-entry post-entry-type-page post-entry-4354'><div class='entry-content-wrapper clearfix'>\n<div class='flex_column_table av-1qxdm-4584f91b55695b4a64fc1bc1bfc26549 sc-av_two_third av-equal-height-column-flextable'>\n<style type=\"text\/css\" data-created_by=\"avia_inline_auto\" id=\"style-css-av-1qxdm-4584f91b55695b4a64fc1bc1bfc26549\">\n.flex_column.av-1qxdm-4584f91b55695b4a64fc1bc1bfc26549{\nborder-radius:0px 0px 0px 0px;\npadding:0px 0px 0px 0px;\n}\n<\/style>\n<div  class='flex_column av-1qxdm-4584f91b55695b4a64fc1bc1bfc26549 av_two_third  avia-builder-el-16  el_before_av_one_third  avia-builder-el-first  first flex_column_table_cell av-equal-height-column av-align-top av-zero-column-padding  '     ><form action=\"https:\/\/cleverfilter.de\/es\/contacto\/\" method=\"post\" data-fields-with-error=\"Found errors in the following field(s):\" class=\"avia_ajax_form av-form-labels-hidden   avia-builder-el-17  avia-builder-el-no-sibling   \" data-avia-form-id=\"1\" data-avia-redirect='' ><fieldset><p class='  first_form  form_element form_fullwidth' id='element_avia_1_1'><label for=\"avia_1_1\">Nombre <abbr class=\"required\" title=\"requerido\">*<\/abbr><\/label> <input name=\"avia_1_1\" class=\"text_input is_empty\" type=\"text\" id=\"avia_1_1\" value=\"\"  placeholder='Nombre*'\/><\/p><p class='  first_form  form_element form_element_half' id='element_avia_2_1'><label for=\"avia_2_1\">E-Mail <abbr class=\"required\" title=\"requerido\">*<\/abbr><\/label> <input name=\"avia_2_1\" class=\"text_input is_email\" type=\"text\" id=\"avia_2_1\" value=\"\"  placeholder='E-Mail*'\/><\/p><p class='  form_element form_element_half' id='element_avia_3_1'><label for=\"avia_3_1\">Tel\u00e9fono<\/label> <input name=\"avia_3_1\" class=\"text_input \" type=\"text\" id=\"avia_3_1\" value=\"\"  placeholder='Tel\u00e9fono'\/><\/p><p class='  first_form  form_element form_fullwidth' id='element_avia_4_1'><label for=\"avia_4_1\" class=\"textare_label hidden textare_label_avia_4_1\">Mensaje <abbr class=\"required\" title=\"requerido\">*<\/abbr><\/label><textarea  placeholder='Mensaje*' name=\"avia_4_1\" class=\"text_area is_empty\" cols=\"40\" rows=\"7\" id=\"avia_4_1\" ><\/textarea><\/p><p class=\"hidden\"><input type=\"text\" name=\"avia_5_1\" class=\"hidden \" id=\"avia_5_1\" value=\"\" \/><\/p><p class='   form_element form_fullwidth av-last-visible-form-element' id='element_avia_6_1'><span class='value_verifier_label'>0 + 2 = ?<\/span><input name=\"avia_6_1_verifier\" type=\"hidden\" id=\"avia_6_1_verifier\" value=\"752327254\"\/><label for=\"avia_6_1\">Para mayor seguridad, responde la siguiente pregunta <abbr class=\"required\" title=\"requerido\">*<\/abbr><\/label><input name=\"avia_6_1\" class=\"text_input captcha\" type=\"text\" id=\"avia_6_1\" value=\"\"\/><\/p><p class=' hidden hideany first_form  form_element form_fullwidth' id='element_avia_7_1'><label for=\"avia_7_1\">Your Name <abbr class=\"required\" title=\"requerido\">*<\/abbr><\/label> <input name=\"avia_7_1\" class=\"text_input must_empty\" type=\"text\" id=\"avia_7_1\" value=\"\"  placeholder='Your Name*'\/><\/p><p class=\"form_element \"><input type=\"hidden\" value=\"1\" name=\"avia_generated_form1\" \/><input type=\"submit\" value=\"Enviar\" class=\"button\"  data-sending-label=\"Enviando\"\/><\/p><\/fieldset><\/form><div id=\"ajaxresponse_1\" class=\"ajaxresponse ajaxresponse_1 hidden\"><\/div><\/div><div class='av-flex-placeholder'><\/div>\n<style type=\"text\/css\" data-created_by=\"avia_inline_auto\" id=\"style-css-av-11pl2-86b4c5e78dcf411554e2f7173e324865\">\n.flex_column.av-11pl2-86b4c5e78dcf411554e2f7173e324865{\nborder-radius:0px 0px 0px 0px;\npadding:20px 20px 20px 20px;\nbackground-color:#f1f1f1;\n}\n<\/style>\n<div  class='flex_column av-11pl2-86b4c5e78dcf411554e2f7173e324865 av_one_third  avia-builder-el-18  el_after_av_two_third  avia-builder-el-last  flex_column_table_cell av-equal-height-column av-align-top  '     ><section  class='av_textblock_section av-kes76c89-984d49e8c5338bc63d82ee51817fed0d '   itemscope=\"itemscope\" itemtype=\"https:\/\/schema.org\/CreativeWork\" ><div class='avia_textblock'  itemprop=\"text\" ><h3>Contacto<\/h3>\n<p>Tel\u00e9fono: +49 6198 \/ 588 09-52<br \/>\nTel\u00e9fono: +49 6198 \/ 588 09-53<br \/>\nTel\u00e9fono FAX: +49 6198 \/ 588 72 63<\/p>\n<h3>Direcci\u00f3n<\/h3>\n<p>CleverFilter GmbH<br \/>\nValterweg 30<br \/>\n65817 Eppstein \/ Bremthal<br \/>\nCerca de Fr\u00e1ncfort \/ Main<\/p>\n<\/div><\/section><\/div><\/div><!--close column table wrapper. Autoclose: 1 -->\n\n","protected":false},"excerpt":{"rendered":"","protected":false},"author":1,"featured_media":0,"parent":0,"menu_order":0,"comment_status":"closed","ping_status":"closed","template":"","meta":{"footnotes":""},"class_list":["post-4354","page","type-page","status-publish","hentry"],"yoast_head":"<!-- This site is optimized with the Yoast SEO plugin v26.8 - https:\/\/yoast.com\/product\/yoast-seo-wordpress\/ -->\n<title>Contacto - Cleverfilter GmbH<\/title>\n<meta name=\"description\" content=\"El servicio al cliente es muy importante para nosotros Estamos aqu\u00ed para ustedes Cont\u00e1ctenos Perm\u00edtanos asesorarlo\" \/>\n<meta name=\"robots\" content=\"index, follow, max-snippet:-1, max-image-preview:large, max-video-preview:-1\" \/>\n<link rel=\"canonical\" href=\"https:\/\/cleverfilter.de\/es\/contacto\/\" \/>\n<meta property=\"og:locale\" content=\"es_ES\" \/>\n<meta property=\"og:type\" content=\"article\" \/>\n<meta property=\"og:title\" content=\"Contacto - Cleverfilter GmbH\" \/>\n<meta property=\"og:description\" content=\"El servicio al cliente es muy importante para nosotros Estamos aqu\u00ed para ustedes Cont\u00e1ctenos Perm\u00edtanos asesorarlo\" \/>\n<meta property=\"og:url\" content=\"https:\/\/cleverfilter.de\/es\/contacto\/\" \/>\n<meta property=\"og:site_name\" content=\"Cleverfilter GmbH\" \/>\n<meta property=\"article:modified_time\" content=\"2025-07-08T11:59:35+00:00\" \/>\n<meta property=\"og:image\" content=\"https:\/\/cleverfilter.de\/wp-content\/uploads\/2026\/03\/head-clever-filter-home.jpg\" \/>\n\t<meta property=\"og:image:width\" content=\"1520\" \/>\n\t<meta property=\"og:image:height\" content=\"600\" \/>\n\t<meta property=\"og:image:type\" content=\"image\/jpeg\" \/>\n<meta name=\"twitter:card\" content=\"summary_large_image\" \/>\n<script type=\"application\/ld+json\" class=\"yoast-schema-graph\">{\"@context\":\"https:\/\/schema.org\",\"@graph\":[{\"@type\":\"WebPage\",\"@id\":\"https:\/\/cleverfilter.de\/es\/contacto\/\",\"url\":\"https:\/\/cleverfilter.de\/es\/contacto\/\",\"name\":\"Contacto - Cleverfilter GmbH\",\"isPartOf\":{\"@id\":\"https:\/\/cleverfilter.de\/#website\"},\"datePublished\":\"2020-09-07T07:37:16+00:00\",\"dateModified\":\"2025-07-08T11:59:35+00:00\",\"description\":\"El servicio al cliente es muy importante para nosotros Estamos aqu\u00ed para ustedes Cont\u00e1ctenos Perm\u00edtanos asesorarlo\",\"breadcrumb\":{\"@id\":\"https:\/\/cleverfilter.de\/es\/contacto\/#breadcrumb\"},\"inLanguage\":\"es\",\"potentialAction\":[{\"@type\":\"ReadAction\",\"target\":[\"https:\/\/cleverfilter.de\/es\/contacto\/\"]}]},{\"@type\":\"BreadcrumbList\",\"@id\":\"https:\/\/cleverfilter.de\/es\/contacto\/#breadcrumb\",\"itemListElement\":[{\"@type\":\"ListItem\",\"position\":1,\"name\":\"Startseite\",\"item\":\"https:\/\/cleverfilter.de\/es\/\"},{\"@type\":\"ListItem\",\"position\":2,\"name\":\"Contacto\"}]},{\"@type\":\"WebSite\",\"@id\":\"https:\/\/cleverfilter.de\/#website\",\"url\":\"https:\/\/cleverfilter.de\/\",\"name\":\"Cleverfilter GmbH\",\"description\":\"Individuelle Filter-Produkte f\u00fcr jede Anwendung\",\"publisher\":{\"@id\":\"https:\/\/cleverfilter.de\/#organization\"},\"potentialAction\":[{\"@type\":\"SearchAction\",\"target\":{\"@type\":\"EntryPoint\",\"urlTemplate\":\"https:\/\/cleverfilter.de\/?s={search_term_string}\"},\"query-input\":{\"@type\":\"PropertyValueSpecification\",\"valueRequired\":true,\"valueName\":\"search_term_string\"}}],\"inLanguage\":\"es\"},{\"@type\":\"Organization\",\"@id\":\"https:\/\/cleverfilter.de\/#organization\",\"name\":\"Cleverfilter GmbH\",\"url\":\"https:\/\/cleverfilter.de\/\",\"logo\":{\"@type\":\"ImageObject\",\"inLanguage\":\"es\",\"@id\":\"https:\/\/cleverfilter.de\/#\/schema\/logo\/image\/\",\"url\":\"https:\/\/cleverfilter.de\/wp-content\/uploads\/2026\/03\/clever-filter-logo-RGB-360pxb.png\",\"contentUrl\":\"https:\/\/cleverfilter.de\/wp-content\/uploads\/2026\/03\/clever-filter-logo-RGB-360pxb.png\",\"width\":600,\"height\":135,\"caption\":\"Cleverfilter GmbH\"},\"image\":{\"@id\":\"https:\/\/cleverfilter.de\/#\/schema\/logo\/image\/\"}}]}<\/script>\n<!-- \/ Yoast SEO plugin. -->","yoast_head_json":{"title":"Contacto - Cleverfilter GmbH","description":"El servicio al cliente es muy importante para nosotros Estamos aqu\u00ed para ustedes Cont\u00e1ctenos Perm\u00edtanos asesorarlo","robots":{"index":"index","follow":"follow","max-snippet":"max-snippet:-1","max-image-preview":"max-image-preview:large","max-video-preview":"max-video-preview:-1"},"canonical":"https:\/\/cleverfilter.de\/es\/contacto\/","og_locale":"es_ES","og_type":"article","og_title":"Contacto - Cleverfilter GmbH","og_description":"El servicio al cliente es muy importante para nosotros Estamos aqu\u00ed para ustedes Cont\u00e1ctenos Perm\u00edtanos asesorarlo","og_url":"https:\/\/cleverfilter.de\/es\/contacto\/","og_site_name":"Cleverfilter GmbH","article_modified_time":"2025-07-08T11:59:35+00:00","og_image":[{"width":1520,"height":600,"url":"https:\/\/cleverfilter.de\/wp-content\/uploads\/2026\/03\/head-clever-filter-home.jpg","type":"image\/jpeg"}],"twitter_card":"summary_large_image","schema":{"@context":"https:\/\/schema.org","@graph":[{"@type":"WebPage","@id":"https:\/\/cleverfilter.de\/es\/contacto\/","url":"https:\/\/cleverfilter.de\/es\/contacto\/","name":"Contacto - Cleverfilter GmbH","isPartOf":{"@id":"https:\/\/cleverfilter.de\/#website"},"datePublished":"2020-09-07T07:37:16+00:00","dateModified":"2025-07-08T11:59:35+00:00","description":"El servicio al cliente es muy importante para nosotros Estamos aqu\u00ed para ustedes Cont\u00e1ctenos Perm\u00edtanos asesorarlo","breadcrumb":{"@id":"https:\/\/cleverfilter.de\/es\/contacto\/#breadcrumb"},"inLanguage":"es","potentialAction":[{"@type":"ReadAction","target":["https:\/\/cleverfilter.de\/es\/contacto\/"]}]},{"@type":"BreadcrumbList","@id":"https:\/\/cleverfilter.de\/es\/contacto\/#breadcrumb","itemListElement":[{"@type":"ListItem","position":1,"name":"Startseite","item":"https:\/\/cleverfilter.de\/es\/"},{"@type":"ListItem","position":2,"name":"Contacto"}]},{"@type":"WebSite","@id":"https:\/\/cleverfilter.de\/#website","url":"https:\/\/cleverfilter.de\/","name":"Cleverfilter GmbH","description":"Individuelle Filter-Produkte f\u00fcr jede Anwendung","publisher":{"@id":"https:\/\/cleverfilter.de\/#organization"},"potentialAction":[{"@type":"SearchAction","target":{"@type":"EntryPoint","urlTemplate":"https:\/\/cleverfilter.de\/?s={search_term_string}"},"query-input":{"@type":"PropertyValueSpecification","valueRequired":true,"valueName":"search_term_string"}}],"inLanguage":"es"},{"@type":"Organization","@id":"https:\/\/cleverfilter.de\/#organization","name":"Cleverfilter GmbH","url":"https:\/\/cleverfilter.de\/","logo":{"@type":"ImageObject","inLanguage":"es","@id":"https:\/\/cleverfilter.de\/#\/schema\/logo\/image\/","url":"https:\/\/cleverfilter.de\/wp-content\/uploads\/2026\/03\/clever-filter-logo-RGB-360pxb.png","contentUrl":"https:\/\/cleverfilter.de\/wp-content\/uploads\/2026\/03\/clever-filter-logo-RGB-360pxb.png","width":600,"height":135,"caption":"Cleverfilter GmbH"},"image":{"@id":"https:\/\/cleverfilter.de\/#\/schema\/logo\/image\/"}}]}},"_links":{"self":[{"href":"https:\/\/cleverfilter.de\/es\/wp-json\/wp\/v2\/pages\/4354","targetHints":{"allow":["GET"]}}],"collection":[{"href":"https:\/\/cleverfilter.de\/es\/wp-json\/wp\/v2\/pages"}],"about":[{"href":"https:\/\/cleverfilter.de\/es\/wp-json\/wp\/v2\/types\/page"}],"author":[{"embeddable":true,"href":"https:\/\/cleverfilter.de\/es\/wp-json\/wp\/v2\/users\/1"}],"replies":[{"embeddable":true,"href":"https:\/\/cleverfilter.de\/es\/wp-json\/wp\/v2\/comments?post=4354"}],"version-history":[{"count":7,"href":"https:\/\/cleverfilter.de\/es\/wp-json\/wp\/v2\/pages\/4354\/revisions"}],"predecessor-version":[{"id":4480,"href":"https:\/\/cleverfilter.de\/es\/wp-json\/wp\/v2\/pages\/4354\/revisions\/4480"}],"wp:attachment":[{"href":"https:\/\/cleverfilter.de\/es\/wp-json\/wp\/v2\/media?parent=4354"}],"curies":[{"name":"wp","href":"https:\/\/api.w.org\/{rel}","templated":true}]}}