{"id":4357,"date":"2020-09-07T10:35:22","date_gmt":"2020-09-07T08:35:22","guid":{"rendered":"https:\/\/cleverfilter.de\/usar\/"},"modified":"2025-07-08T14:42:20","modified_gmt":"2025-07-08T12:42:20","slug":"usar","status":"publish","type":"page","link":"https:\/\/cleverfilter.de\/es\/usar\/","title":{"rendered":"Ventajas"},"content":{"rendered":"<div id='startslider'  class='avia-section av-1isv2-26e78b5ba5f0a7b71d35182fd59fb045 main_color avia-section-no-padding avia-no-border-styling  avia-builder-el-0  el_before_av_slideshow_full  avia-builder-el-first  av-medium-hide av-small-hide av-mini-hide avia-bg-style-scroll container_wrap fullsize'  ><div class='container av-section-cont-open' ><main  role=\"main\" itemprop=\"mainContentOfPage\"  class='template-page content  av-content-full alpha units'><div class='post-entry post-entry-type-page post-entry-4357'><div class='entry-content-wrapper clearfix'>\n<div class='flex_column_table av-26y8a-169516d9c0b3f1be49f0cb4f84651f17 sc-av_two_third av-equal-height-column-flextable'>\n<style type=\"text\/css\" data-created_by=\"avia_inline_auto\" id=\"style-css-av-26y8a-169516d9c0b3f1be49f0cb4f84651f17\">\n.flex_column.av-26y8a-169516d9c0b3f1be49f0cb4f84651f17{\nborder-radius:0px 0px 0px 0px;\npadding:0px 0px 0px 0px;\nbackground-color:#dbe8f1;\n}\n<\/style>\n<div  class='flex_column av-26y8a-169516d9c0b3f1be49f0cb4f84651f17 av_two_third  avia-builder-el-1  el_before_av_one_third  avia-builder-el-first  first no_margin flex_column_table_cell av-equal-height-column av-align-middle av-zero-column-padding  '     ><style type=\"text\/css\" data-created_by=\"avia_inline_auto\" id=\"style-css-av-1mpg6-54047a97cf3d5f8caded842c22d55806\">\n.avia-image-container.av-1mpg6-54047a97cf3d5f8caded842c22d55806 img.avia_image{\nbox-shadow:none;\n}\n.avia-image-container.av-1mpg6-54047a97cf3d5f8caded842c22d55806 .av-image-caption-overlay-center{\ncolor:#ffffff;\n}\n<\/style>\n<div  class='avia-image-container av-1mpg6-54047a97cf3d5f8caded842c22d55806 av-styling-no-styling avia-align-center  avia-builder-el-2  avia-builder-el-no-sibling '   itemprop=\"image\" itemscope=\"itemscope\" itemtype=\"https:\/\/schema.org\/ImageObject\" ><div class=\"avia-image-container-inner\"><div class=\"avia-image-overlay-wrap\"><img decoding=\"async\" fetchpriority=\"high\" class='wp-image-4201 avia-img-lazy-loading-not-4201 avia_image ' src=\"https:\/\/cleverfilter.de\/wp-content\/uploads\/2025\/03\/Blue-Orange-Objects-Education-Website-1-1030x399.jpg\" alt='' title='Blue Orange Objects Education Website (1)'  height=\"399\" width=\"1030\"  itemprop=\"thumbnailUrl\" srcset=\"https:\/\/cleverfilter.de\/wp-content\/uploads\/2025\/03\/Blue-Orange-Objects-Education-Website-1-1030x399.jpg 1030w, https:\/\/cleverfilter.de\/wp-content\/uploads\/2025\/03\/Blue-Orange-Objects-Education-Website-1-300x116.jpg 300w, https:\/\/cleverfilter.de\/wp-content\/uploads\/2025\/03\/Blue-Orange-Objects-Education-Website-1-768x297.jpg 768w, https:\/\/cleverfilter.de\/wp-content\/uploads\/2025\/03\/Blue-Orange-Objects-Education-Website-1-705x273.jpg 705w, https:\/\/cleverfilter.de\/wp-content\/uploads\/2025\/03\/Blue-Orange-Objects-Education-Website-1.jpg 1366w\" sizes=\"(max-width: 1030px) 100vw, 1030px\" \/><\/div><\/div><\/div><\/div>\n<style type=\"text\/css\" data-created_by=\"avia_inline_auto\" id=\"style-css-av-yiui-e12e6432291a5fd5a9776580799deb5d\">\n.flex_column.av-yiui-e12e6432291a5fd5a9776580799deb5d{\nborder-radius:0px 0px 0px 0px;\npadding:20px 20px 20px 20px;\nbackground-color:#004490;\n}\n<\/style>\n<div  class='flex_column av-yiui-e12e6432291a5fd5a9776580799deb5d av_one_third  avia-builder-el-3  el_after_av_two_third  avia-builder-el-last  no_margin flex_column_table_cell av-equal-height-column av-align-middle  '     ><p>\n<style type=\"text\/css\" data-created_by=\"avia_inline_auto\" id=\"style-css-av-kes6xtzk-ab54f5a1e6d9d491741c4d8084ddecf5\">\n#top .av_textblock_section.av-kes6xtzk-ab54f5a1e6d9d491741c4d8084ddecf5 .avia_textblock{\nfont-size:20px;\ncolor:#ffffff;\n}\n<\/style>\n<section  class='av_textblock_section av-kes6xtzk-ab54f5a1e6d9d491741c4d8084ddecf5 '   itemscope=\"itemscope\" itemtype=\"https:\/\/schema.org\/CreativeWork\" ><div class='avia_textblock av_inherit_color'  itemprop=\"text\" ><p>\u00bfPericia para (casi) todos los sectores?<\/p>\n<p>\u00bfLa mejor calidad y los mejores precios?<\/p>\n<p>\u00a1Bienvenido a CleverFilter!<\/p>\n<\/div><\/section><br \/>\n\n<style type=\"text\/css\" data-created_by=\"avia_inline_auto\" id=\"style-css-av-kes7kmyl-168b84fb548e6f8be505d13809013774\">\n#top .hr.hr-invisible.av-kes7kmyl-168b84fb548e6f8be505d13809013774{\nheight:20px;\n}\n<\/style>\n<div  class='hr av-kes7kmyl-168b84fb548e6f8be505d13809013774 hr-invisible  avia-builder-el-5  el_after_av_textblock  el_before_av_button_big  avia-builder-el-last '><span class='hr-inner '><span class=\"hr-inner-style\"><\/span><\/span><\/div><br \/>\n<div  class='avia-button-wrap avia-button-center  avia-builder-el-6  el_after_av_hr  avia-builder-el-last '>\n<style type=\"text\/css\" data-created_by=\"avia_inline_auto\" id=\"style-css-av-wrym-5fa23ddfd17739629e9f590449e508d8\">\n#top #wrap_all .avia-button.av-wrym-5fa23ddfd17739629e9f590449e508d8{\nbackground-color:#d9d9d9;\nborder-color:#d9d9d9;\ntransition:all 0.4s ease-in-out;\n}\n#top #wrap_all .avia-button.av-wrym-5fa23ddfd17739629e9f590449e508d8:hover{\nbackground-color:#eaeaea;\ncolor:white;\ntransition:all 0.4s ease-in-out;\n}\n<\/style>\n<a href='https:\/\/cleverfilter.de\/es\/contacto\/' class='av-icon-on-hover avia-font-color-theme-color avia-button avia-button-fullwidth av-wrym-5fa23ddfd17739629e9f590449e508d8 avia-icon_select-no avia-color-custom'   aria-label=\"&gt;&gt; Recibe asesoramiento ahora\"><span class='avia_iconbox_title' >&gt;&gt; Recibe asesoramiento ahora<\/span><\/a><\/div><\/p><\/div><\/div><!--close column table wrapper. Autoclose: 1 --><\/div><\/div><\/main><!-- close content main element --><\/div><\/div><div id='full_slider_1'  class='avia-fullwidth-slider main_color avia-shadow av-desktop-hide  avia-builder-el-7  el_after_av_section  el_before_av_section   slider-not-first container_wrap fullsize'  ><div  class='avia-slideshow av-kf3ofk7o-ffbeaafefe4f628a1ef8278be0c3b344 avia-slideshow-no scaling av_slideshow_full avia-slide-slider av-desktop-hide av-slideshow-ui av-control-default av-slideshow-manual av-loop-once av-loop-manual-endless av-default-height-applied   avia-slideshow-1' data-slideshow-options=\"{&quot;animation&quot;:&quot;slide&quot;,&quot;autoplay&quot;:false,&quot;loop_autoplay&quot;:&quot;once&quot;,&quot;interval&quot;:5,&quot;loop_manual&quot;:&quot;manual-endless&quot;,&quot;autoplay_stopper&quot;:false,&quot;noNavigation&quot;:false,&quot;bg_slider&quot;:false,&quot;keep_padding&quot;:false,&quot;hoverpause&quot;:false,&quot;show_slide_delay&quot;:0}\"  itemprop=\"image\" itemscope=\"itemscope\" itemtype=\"https:\/\/schema.org\/ImageObject\" ><ul class='avia-slideshow-inner ' style='padding-bottom: 39.473684210526%;'><li  class='avia-slideshow-slide av-kf3ofk7o-ffbeaafefe4f628a1ef8278be0c3b344__0  av-single-slide slide-1 slide-odd'><div data-rel='slideshow-1' class='avia-slide-wrap '   ><img decoding=\"async\" fetchpriority=\"high\" class=\"wp-image-3896 avia-img-lazy-loading-not-3896\"  src=\"https:\/\/cleverfilter.de\/wp-content\/uploads\/2020\/09\/header_de_portrait-1.png\" width=\"1520\" height=\"600\" title='header_de_portrait' alt=''  itemprop=\"thumbnailUrl\" srcset=\"https:\/\/cleverfilter.de\/wp-content\/uploads\/2020\/09\/header_de_portrait-1.png 1520w, https:\/\/cleverfilter.de\/wp-content\/uploads\/2020\/09\/header_de_portrait-1-300x118.png 300w, https:\/\/cleverfilter.de\/wp-content\/uploads\/2020\/09\/header_de_portrait-1-768x303.png 768w, https:\/\/cleverfilter.de\/wp-content\/uploads\/2020\/09\/header_de_portrait-1-1030x407.png 1030w, https:\/\/cleverfilter.de\/wp-content\/uploads\/2020\/09\/header_de_portrait-1-1500x592.png 1500w, https:\/\/cleverfilter.de\/wp-content\/uploads\/2020\/09\/header_de_portrait-1-705x278.png 705w\" sizes=\"(max-width: 1520px) 100vw, 1520px\" \/><\/div><\/li><\/ul><\/div><\/div><\/p>\n\n<style type=\"text\/css\" data-created_by=\"avia_inline_auto\" id=\"style-css-av-1isv2-86cd0ae08189756029fe8eb7d1aa5279\">\n.avia-section.av-1isv2-86cd0ae08189756029fe8eb7d1aa5279{\nbackground-color:#004490;\nbackground-image:unset;\n}\n<\/style>\n<div id='av_section_2'  class='avia-section av-1isv2-86cd0ae08189756029fe8eb7d1aa5279 main_color avia-section-no-padding avia-no-border-styling  avia-builder-el-8  el_after_av_slideshow_full  el_before_av_section  av-desktop-hide avia-bg-style-scroll container_wrap fullsize'  ><div class='container av-section-cont-open' ><div class='template-page content  av-content-full alpha units'><div class='post-entry post-entry-type-page post-entry-4357'><div class='entry-content-wrapper clearfix'>\n<div class='flex_column_table av-yiui-aa1431533e8f7ed283f17a9a88b4e472 sc-av_two_third av-equal-height-column-flextable'>\n<style type=\"text\/css\" data-created_by=\"avia_inline_auto\" id=\"style-css-av-yiui-aa1431533e8f7ed283f17a9a88b4e472\">\n.flex_column.av-yiui-aa1431533e8f7ed283f17a9a88b4e472{\nborder-radius:0px 0px 0px 0px;\npadding:10px 20px 10px 20px;\n}\n<\/style>\n<div  class='flex_column av-yiui-aa1431533e8f7ed283f17a9a88b4e472 av_two_third  avia-builder-el-9  el_before_av_one_third  avia-builder-el-first  first no_margin flex_column_table_cell av-equal-height-column av-align-middle av-hide-on-mobile  '     ><style type=\"text\/css\" data-created_by=\"avia_inline_auto\" id=\"style-css-av-kes6xtzk-3596078f45f8616c8081d6331b2613b8\">\n#top .av_textblock_section.av-kes6xtzk-3596078f45f8616c8081d6331b2613b8 .avia_textblock{\nfont-size:20px;\ncolor:#ffffff;\n}\n<\/style>\n<section  class='av_textblock_section av-kes6xtzk-3596078f45f8616c8081d6331b2613b8 '   itemscope=\"itemscope\" itemtype=\"https:\/\/schema.org\/CreativeWork\" ><div class='avia_textblock av_inherit_color'  itemprop=\"text\" ><p>La calidad determina el futuro.<\/p>\n<p>Toma una decisi\u00f3n inteligente.<\/p>\n<p>\u00a1Bienvenido a CleverFilter!<\/p>\n<\/div><\/section><\/div>\n<style type=\"text\/css\" data-created_by=\"avia_inline_auto\" id=\"style-css-av-yiui-1d3b47282e3b058132b49c1cc90cadc1\">\n.flex_column.av-yiui-1d3b47282e3b058132b49c1cc90cadc1{\nborder-radius:0px 0px 0px 0px;\npadding:10px 20px 10px 20px;\n}\n<\/style>\n<div  class='flex_column av-yiui-1d3b47282e3b058132b49c1cc90cadc1 av_one_third  avia-builder-el-11  el_after_av_two_third  avia-builder-el-last  no_margin flex_column_table_cell av-equal-height-column av-align-middle  '     ><div  class='avia-button-wrap avia-button-center  avia-builder-el-12  avia-builder-el-no-sibling '>\n<style type=\"text\/css\" data-created_by=\"avia_inline_auto\" id=\"style-css-av-wrym-1d349884d722d5a5038babc2527d38a0\">\n#top #wrap_all .avia-button.av-wrym-1d349884d722d5a5038babc2527d38a0{\nbackground-color:#d9d9d9;\nborder-color:#d9d9d9;\ncolor:#004490;\ntransition:all 0.4s ease-in-out;\n}\n#top #wrap_all .avia-button.av-wrym-1d349884d722d5a5038babc2527d38a0:hover{\nbackground-color:#eaeaea;\ncolor:#ffffff;\ntransition:all 0.4s ease-in-out;\n}\n<\/style>\n<a href='https:\/\/cleverfilter.de\/es\/contacto\/' class='av-icon-on-hover avia-button avia-button-fullwidth av-wrym-1d349884d722d5a5038babc2527d38a0 avia-icon_select-no avia-color-custom'   aria-label=\"Solicite asesoramiento\"><span class='avia_iconbox_title' >Solicite asesoramiento<\/span><\/a><\/div><\/div><\/div><!--close column table wrapper. Autoclose: 1 -->\n\n<\/div><\/div><\/div><!-- close content main div --><\/div><\/div><div id='av_section_3'  class='avia-section av-s0fm-38cd596d7da976edc0d7388683d3aca5 main_color avia-section-default avia-no-border-styling  avia-builder-el-13  el_after_av_section  avia-builder-el-last  avia-bg-style-scroll container_wrap fullsize'  ><div class='container av-section-cont-open' ><div class='template-page content  av-content-full alpha units'><div class='post-entry post-entry-type-page post-entry-4357'><div class='entry-content-wrapper clearfix'>\n<div class='flex_column_table av-1qxdm-4584f91b55695b4a64fc1bc1bfc26549 sc-av_two_third av-equal-height-column-flextable'>\n<style type=\"text\/css\" data-created_by=\"avia_inline_auto\" id=\"style-css-av-1qxdm-4584f91b55695b4a64fc1bc1bfc26549\">\n.flex_column.av-1qxdm-4584f91b55695b4a64fc1bc1bfc26549{\nborder-radius:0px 0px 0px 0px;\npadding:0px 0px 0px 0px;\n}\n<\/style>\n<div  class='flex_column av-1qxdm-4584f91b55695b4a64fc1bc1bfc26549 av_two_third  avia-builder-el-14  el_before_av_one_third  avia-builder-el-first  first flex_column_table_cell av-equal-height-column av-align-top av-zero-column-padding  '     ><section  class='av_textblock_section av-kes76c89-984d49e8c5338bc63d82ee51817fed0d '   itemscope=\"itemscope\" itemtype=\"https:\/\/schema.org\/CreativeWork\" ><div class='avia_textblock'  itemprop=\"text\" ><h1>Es hora de tomar decisiones inteligentes.<\/h1>\n<h2>Ventajas que no deber\u00edan perderse<\/h2>\n<p>Nos hemos comprometido a utilizar nuestro conocimiento t\u00e9cnico, de aplicaci\u00f3n y de productos en el \u00e1rea de la filtraci\u00f3n, no solo para mejorar los procesos industriales, sino tambi\u00e9n para atender de forma individual las necesidades de nuestros socios.<\/p>\n<\/div><\/section><br \/>\n<section  class='av_textblock_section av-kes76c89-984d49e8c5338bc63d82ee51817fed0d '   itemscope=\"itemscope\" itemtype=\"https:\/\/schema.org\/CreativeWork\" ><div class='avia_textblock'  itemprop=\"text\" ><p>Los beneficios que se derivan de la colaboraci\u00f3n con cleverfilter son m\u00faltiples:<\/p>\n<h3>alto conocimiento pr\u00e1ctico de aplicaci\u00f3n<\/h3>\n<p>\u00bfBusca una soluci\u00f3n en el campo de la filtraci\u00f3n de l\u00edquidos? Estaremos encantados de asesorarle o colaborar con usted para encontrar una soluci\u00f3n para su cliente. <\/p>\n<h3>amplia variedad de productos en stock &#8211; pedido hoy, entrega ma\u00f1ana.<\/h3>\n<p>Wir liefern viele g\u00e4ngigen Filter von heute auf morgen \u2013 in jeder Menge. Just-in-time, neutral direkt zu Ihren Kunden \u2013 nat\u00fcrlich mit Ihrem Lieferschein. <\/p>\n<h3>Estabilidad de los precios<\/h3>\n<p>Seguridad y transparencia para nuestros clientes: Nuestros precios son estables y te permiten un alto nivel de seguridad en los costes.<\/p>\n<h3>Equipo de especialistas<\/h3>\n<p>Somos especialistas en filtros cualificados con m\u00e1s de 350 a\u00f1os de experiencia en filtraci\u00f3n acumulada: Nuestros consejos personalizados est\u00e1n dise\u00f1ados para encontrar la mejor soluci\u00f3n de filtro al mejor precio\/rendimiento para usted<\/p>\n<h3>almacenamos filtros especiales para usted y sus clientes<\/h3>\n<p>Las aplicaciones especiales requieren filtros especiales. Nuestra log\u00edstica de almac\u00e9n tambi\u00e9n est\u00e1 dise\u00f1ada para ello.<\/p>\n<\/div><\/section><\/p><\/div><div class='av-flex-placeholder'><\/div>\n<style type=\"text\/css\" data-created_by=\"avia_inline_auto\" id=\"style-css-av-11pl2-86b4c5e78dcf411554e2f7173e324865\">\n.flex_column.av-11pl2-86b4c5e78dcf411554e2f7173e324865{\nborder-radius:0px 0px 0px 0px;\npadding:20px 20px 20px 20px;\nbackground-color:#f1f1f1;\n}\n<\/style>\n<div  class='flex_column av-11pl2-86b4c5e78dcf411554e2f7173e324865 av_one_third  avia-builder-el-17  el_after_av_two_third  avia-builder-el-last  flex_column_table_cell av-equal-height-column av-align-top  '     ><section  class='av_textblock_section av-kes76c89-1c5e27bb3cf05f749a79235e8c9761a3 '   itemscope=\"itemscope\" itemtype=\"https:\/\/schema.org\/CreativeWork\" ><div class='avia_textblock'  itemprop=\"text\" ><h3>nuestro compromiso de rendimiento<\/h3>\n<\/div><\/section><br \/>\n<section  class='av_textblock_section av-kes76c89-1c5e27bb3cf05f749a79235e8c9761a3 '   itemscope=\"itemscope\" itemtype=\"https:\/\/schema.org\/CreativeWork\" ><div class='avia_textblock'  itemprop=\"text\" ><ul>\n<li>asesoramiento integral y fiable<\/li>\n<li>Entrega justo a tiempo<\/li>\n<li>gran surtido de almac\u00e9n<\/li>\n<li>Posibilidad de etiquetado personalizado<\/li>\n<li>Precios realmente atractivos<\/li>\n<li>La mejor calidad<\/li>\n<\/ul>\n<\/div><\/section><\/p><\/div><\/div><!--close column table wrapper. Autoclose: 1 -->\n\n","protected":false},"excerpt":{"rendered":"","protected":false},"author":1,"featured_media":0,"parent":0,"menu_order":0,"comment_status":"closed","ping_status":"closed","template":"","meta":{"footnotes":""},"class_list":["post-4357","page","type-page","status-publish","hentry"],"yoast_head":"<!-- This site is optimized with the Yoast SEO plugin v26.8 - https:\/\/yoast.com\/product\/yoast-seo-wordpress\/ -->\n<title>Ventajas - Cleverfilter GmbH<\/title>\n<meta name=\"description\" content=\"Nos hemos comprometido a utilizar nuestro conocimiento t\u00e9cnico, de aplicaciones y de productos para ayudar a nuestrosclientes.\" \/>\n<meta name=\"robots\" content=\"index, follow, max-snippet:-1, max-image-preview:large, max-video-preview:-1\" \/>\n<link rel=\"canonical\" href=\"https:\/\/cleverfilter.de\/es\/usar\/\" \/>\n<meta property=\"og:locale\" content=\"es_ES\" \/>\n<meta property=\"og:type\" content=\"article\" \/>\n<meta property=\"og:title\" content=\"Ventajas - Cleverfilter GmbH\" \/>\n<meta property=\"og:description\" content=\"Nos hemos comprometido a utilizar nuestro conocimiento t\u00e9cnico, de aplicaciones y de productos para ayudar a nuestrosclientes.\" \/>\n<meta property=\"og:url\" content=\"https:\/\/cleverfilter.de\/es\/usar\/\" \/>\n<meta property=\"og:site_name\" content=\"Cleverfilter GmbH\" \/>\n<meta property=\"article:modified_time\" content=\"2025-07-08T12:42:20+00:00\" \/>\n<meta property=\"og:image\" content=\"https:\/\/cleverfilter.de\/wp-content\/uploads\/2026\/03\/head-clever-filter-home.jpg\" \/>\n\t<meta property=\"og:image:width\" content=\"1520\" \/>\n\t<meta property=\"og:image:height\" content=\"600\" \/>\n\t<meta property=\"og:image:type\" content=\"image\/jpeg\" \/>\n<meta name=\"twitter:card\" content=\"summary_large_image\" \/>\n<script type=\"application\/ld+json\" class=\"yoast-schema-graph\">{\"@context\":\"https:\/\/schema.org\",\"@graph\":[{\"@type\":\"WebPage\",\"@id\":\"https:\/\/cleverfilter.de\/es\/usar\/\",\"url\":\"https:\/\/cleverfilter.de\/es\/usar\/\",\"name\":\"Ventajas - Cleverfilter GmbH\",\"isPartOf\":{\"@id\":\"https:\/\/cleverfilter.de\/#website\"},\"datePublished\":\"2020-09-07T08:35:22+00:00\",\"dateModified\":\"2025-07-08T12:42:20+00:00\",\"description\":\"Nos hemos comprometido a utilizar nuestro conocimiento t\u00e9cnico, de aplicaciones y de productos para ayudar a nuestrosclientes.\",\"breadcrumb\":{\"@id\":\"https:\/\/cleverfilter.de\/es\/usar\/#breadcrumb\"},\"inLanguage\":\"es\",\"potentialAction\":[{\"@type\":\"ReadAction\",\"target\":[\"https:\/\/cleverfilter.de\/es\/usar\/\"]}]},{\"@type\":\"BreadcrumbList\",\"@id\":\"https:\/\/cleverfilter.de\/es\/usar\/#breadcrumb\",\"itemListElement\":[{\"@type\":\"ListItem\",\"position\":1,\"name\":\"Startseite\",\"item\":\"https:\/\/cleverfilter.de\/es\/\"},{\"@type\":\"ListItem\",\"position\":2,\"name\":\"Ventajas\"}]},{\"@type\":\"WebSite\",\"@id\":\"https:\/\/cleverfilter.de\/#website\",\"url\":\"https:\/\/cleverfilter.de\/\",\"name\":\"Cleverfilter GmbH\",\"description\":\"Individuelle Filter-Produkte f\u00fcr jede Anwendung\",\"publisher\":{\"@id\":\"https:\/\/cleverfilter.de\/#organization\"},\"potentialAction\":[{\"@type\":\"SearchAction\",\"target\":{\"@type\":\"EntryPoint\",\"urlTemplate\":\"https:\/\/cleverfilter.de\/?s={search_term_string}\"},\"query-input\":{\"@type\":\"PropertyValueSpecification\",\"valueRequired\":true,\"valueName\":\"search_term_string\"}}],\"inLanguage\":\"es\"},{\"@type\":\"Organization\",\"@id\":\"https:\/\/cleverfilter.de\/#organization\",\"name\":\"Cleverfilter GmbH\",\"url\":\"https:\/\/cleverfilter.de\/\",\"logo\":{\"@type\":\"ImageObject\",\"inLanguage\":\"es\",\"@id\":\"https:\/\/cleverfilter.de\/#\/schema\/logo\/image\/\",\"url\":\"https:\/\/cleverfilter.de\/wp-content\/uploads\/2026\/03\/clever-filter-logo-RGB-360pxb.png\",\"contentUrl\":\"https:\/\/cleverfilter.de\/wp-content\/uploads\/2026\/03\/clever-filter-logo-RGB-360pxb.png\",\"width\":600,\"height\":135,\"caption\":\"Cleverfilter GmbH\"},\"image\":{\"@id\":\"https:\/\/cleverfilter.de\/#\/schema\/logo\/image\/\"}}]}<\/script>\n<!-- \/ Yoast SEO plugin. -->","yoast_head_json":{"title":"Ventajas - Cleverfilter GmbH","description":"Nos hemos comprometido a utilizar nuestro conocimiento t\u00e9cnico, de aplicaciones y de productos para ayudar a nuestrosclientes.","robots":{"index":"index","follow":"follow","max-snippet":"max-snippet:-1","max-image-preview":"max-image-preview:large","max-video-preview":"max-video-preview:-1"},"canonical":"https:\/\/cleverfilter.de\/es\/usar\/","og_locale":"es_ES","og_type":"article","og_title":"Ventajas - Cleverfilter GmbH","og_description":"Nos hemos comprometido a utilizar nuestro conocimiento t\u00e9cnico, de aplicaciones y de productos para ayudar a nuestrosclientes.","og_url":"https:\/\/cleverfilter.de\/es\/usar\/","og_site_name":"Cleverfilter GmbH","article_modified_time":"2025-07-08T12:42:20+00:00","og_image":[{"width":1520,"height":600,"url":"https:\/\/cleverfilter.de\/wp-content\/uploads\/2026\/03\/head-clever-filter-home.jpg","type":"image\/jpeg"}],"twitter_card":"summary_large_image","schema":{"@context":"https:\/\/schema.org","@graph":[{"@type":"WebPage","@id":"https:\/\/cleverfilter.de\/es\/usar\/","url":"https:\/\/cleverfilter.de\/es\/usar\/","name":"Ventajas - Cleverfilter GmbH","isPartOf":{"@id":"https:\/\/cleverfilter.de\/#website"},"datePublished":"2020-09-07T08:35:22+00:00","dateModified":"2025-07-08T12:42:20+00:00","description":"Nos hemos comprometido a utilizar nuestro conocimiento t\u00e9cnico, de aplicaciones y de productos para ayudar a nuestrosclientes.","breadcrumb":{"@id":"https:\/\/cleverfilter.de\/es\/usar\/#breadcrumb"},"inLanguage":"es","potentialAction":[{"@type":"ReadAction","target":["https:\/\/cleverfilter.de\/es\/usar\/"]}]},{"@type":"BreadcrumbList","@id":"https:\/\/cleverfilter.de\/es\/usar\/#breadcrumb","itemListElement":[{"@type":"ListItem","position":1,"name":"Startseite","item":"https:\/\/cleverfilter.de\/es\/"},{"@type":"ListItem","position":2,"name":"Ventajas"}]},{"@type":"WebSite","@id":"https:\/\/cleverfilter.de\/#website","url":"https:\/\/cleverfilter.de\/","name":"Cleverfilter GmbH","description":"Individuelle Filter-Produkte f\u00fcr jede Anwendung","publisher":{"@id":"https:\/\/cleverfilter.de\/#organization"},"potentialAction":[{"@type":"SearchAction","target":{"@type":"EntryPoint","urlTemplate":"https:\/\/cleverfilter.de\/?s={search_term_string}"},"query-input":{"@type":"PropertyValueSpecification","valueRequired":true,"valueName":"search_term_string"}}],"inLanguage":"es"},{"@type":"Organization","@id":"https:\/\/cleverfilter.de\/#organization","name":"Cleverfilter GmbH","url":"https:\/\/cleverfilter.de\/","logo":{"@type":"ImageObject","inLanguage":"es","@id":"https:\/\/cleverfilter.de\/#\/schema\/logo\/image\/","url":"https:\/\/cleverfilter.de\/wp-content\/uploads\/2026\/03\/clever-filter-logo-RGB-360pxb.png","contentUrl":"https:\/\/cleverfilter.de\/wp-content\/uploads\/2026\/03\/clever-filter-logo-RGB-360pxb.png","width":600,"height":135,"caption":"Cleverfilter GmbH"},"image":{"@id":"https:\/\/cleverfilter.de\/#\/schema\/logo\/image\/"}}]}},"_links":{"self":[{"href":"https:\/\/cleverfilter.de\/es\/wp-json\/wp\/v2\/pages\/4357","targetHints":{"allow":["GET"]}}],"collection":[{"href":"https:\/\/cleverfilter.de\/es\/wp-json\/wp\/v2\/pages"}],"about":[{"href":"https:\/\/cleverfilter.de\/es\/wp-json\/wp\/v2\/types\/page"}],"author":[{"embeddable":true,"href":"https:\/\/cleverfilter.de\/es\/wp-json\/wp\/v2\/users\/1"}],"replies":[{"embeddable":true,"href":"https:\/\/cleverfilter.de\/es\/wp-json\/wp\/v2\/comments?post=4357"}],"version-history":[{"count":7,"href":"https:\/\/cleverfilter.de\/es\/wp-json\/wp\/v2\/pages\/4357\/revisions"}],"predecessor-version":[{"id":4548,"href":"https:\/\/cleverfilter.de\/es\/wp-json\/wp\/v2\/pages\/4357\/revisions\/4548"}],"wp:attachment":[{"href":"https:\/\/cleverfilter.de\/es\/wp-json\/wp\/v2\/media?parent=4357"}],"curies":[{"name":"wp","href":"https:\/\/api.w.org\/{rel}","templated":true}]}}